{"id":10844,"date":"2016-01-30T14:53:20","date_gmt":"2016-01-30T13:53:20","guid":{"rendered":"https:\/\/josilq.pl\/produkt\/silk-eye-mask\/"},"modified":"2024-09-10T17:10:19","modified_gmt":"2024-09-10T15:10:19","slug":"silk-eye-mask","status":"publish","type":"product","link":"https:\/\/josilq.pl\/en\/produkt\/silk-eye-mask\/","title":{"rendered":"Silk eye mask"},"content":{"rendered":"<h3>Silk eye mask<\/h3>\n<p>Made from high-quality <strong>100% pure mulberry silk and \ufb01lled with pure silk \ufb02oss<\/strong>, it is soothing and gentle on your eyes area.<\/p>\n<p>Thanks to the high content of silk protein, the silk eye mask keeps the skin moisturised and reduces wrinkles around the eyes.<\/p>\n<p>Each eye mask comes with an elegant, black satin pouch.<\/p>\n<p>The colors in the pictures may differ from the real ones.<\/p>\n<p>The silk eye mask can also be bought in sets with elegant 100% pure mulberry silk pillowcases.<\/p>\n<p><strong><span lang=\"EN-US\">KEY BENEFITS<\/span> OF SILK EYE MASKS:<\/strong><\/p>\n<ul>\n<li>provides excellent blackout &#8211; completely blocks the light and works even when you sleep on your side<\/li>\n<li>reduces night swelling around the eyes<\/li>\n<li>naturally hypoallergenic &#8211; a great remedy for your allergies, headaches and skin irritations<\/li>\n<li>has a positive effect on blood and lymph circulation<\/li>\n<li>does not cause sweating<\/li>\n<li>anti-stress<\/li>\n<li>soft, elastic band made with 100% pure mulberry silk<\/li>\n<li>ideal for traveling<\/li>\n<\/ul>\n<p><strong>CARE INSTRUCTIONS FOR SILK EYE MASKS:<\/strong><\/p>\n<ul>\n<li>the silk eye mask should be washed by hand in lukewarm water using a mild silk detergent<\/li>\n<li>lightly knead the material during washing, do not wring out<\/li>\n<li>wet silk is best dried in a towel and spread out to dry completely (do not dry over a heater)<\/li>\n<li>the silk eye mask can be ironed with an iron set on silk (very low temperature)<\/li>\n<li>never use bleach for washing &#8211; the silk fiber will dissolve!<\/li>\n<\/ul>\n","protected":false},"excerpt":{"rendered":"<h3>Silk eye mask<\/h3>\n<p>Made from high-quality <strong>100% pure mulberry silk and \ufb01lled with pure silk \ufb02oss<\/strong>, it is soothing and gentle on your eyes area.<\/p>\n<p>Thanks to the high content of silk protein, the silk eye mask keeps the skin moisturised and reduces wrinkles around the eyes.<\/p>\n<p>Each eye mask comes with an elegant, black satin pouch.<\/p>\n<p>The colors in the pictures may differ from the real ones.<\/p>\n<p>The silk eye mask can also be bought in sets with elegant 100% pure mulberry silk pillowcases.<\/p>\n<p>&nbsp;<\/p>\n","protected":false},"featured_media":8903,"comment_status":"open","ping_status":"closed","template":"","meta":[],"product_brand":[],"product_cat":[50,20],"product_tag":[],"class_list":{"0":"post-10844","1":"product","2":"type-product","3":"status-publish","4":"has-post-thumbnail","6":"product_cat-jedwabne-akcesoria","7":"product_cat-jedwabne-opaski-na-oczy","8":"product_shipping_class-opaski-na-oczy","10":"first","11":"instock","12":"shipping-taxable","13":"purchasable","14":"product-type-variable"},"yoast_head":"<!-- This site is optimized with the Yoast SEO Premium plugin v27.3 (Yoast SEO v27.3) - https:\/\/yoast.com\/product\/yoast-seo-premium-wordpress\/ -->\n<title>Silk eye mask JOSILQ | 100% pure mulberry silk<\/title>\n<meta name=\"description\" content=\"Silk eye mask made from high-quality 100% pure mulberry silk and \ufb01lled with pure silk \ufb02oss.\" \/>\n<meta name=\"robots\" content=\"index, follow, max-snippet:-1, max-image-preview:large, max-video-preview:-1\" \/>\n<link rel=\"canonical\" href=\"https:\/\/josilq.pl\/en\/produkt\/silk-eye-mask\/\" \/>\n<meta property=\"og:locale\" content=\"en_US\" \/>\n<meta property=\"og:type\" content=\"article\" \/>\n<meta property=\"og:title\" content=\"Silk eye mask\" \/>\n<meta property=\"og:description\" content=\"Silk eye mask made from high-quality 100% pure mulberry silk and \ufb01lled with pure silk \ufb02oss.\" \/>\n<meta property=\"og:url\" content=\"https:\/\/josilq.pl\/en\/produkt\/silk-eye-mask\/\" \/>\n<meta property=\"og:site_name\" content=\"Jedwab JOSILQ\" \/>\n<meta property=\"article:publisher\" content=\"https:\/\/www.facebook.com\/jedwabjosilq\/\" \/>\n<meta property=\"article:modified_time\" content=\"2024-09-10T15:10:19+00:00\" \/>\n<meta property=\"og:image\" content=\"https:\/\/josilq.pl\/wp-content\/uploads\/2019\/09\/opaski-blekit-kat.jpg\" \/>\n\t<meta property=\"og:image:width\" content=\"1200\" \/>\n\t<meta property=\"og:image:height\" content=\"801\" \/>\n\t<meta property=\"og:image:type\" content=\"image\/jpeg\" \/>\n<meta name=\"twitter:card\" content=\"summary_large_image\" \/>\n<meta name=\"twitter:label1\" content=\"Availability\" \/>\n\t<meta name=\"twitter:data1\" content=\"In stock\" \/>\n<script type=\"application\/ld+json\" class=\"yoast-schema-graph\">{\"@context\":\"https:\\\/\\\/schema.org\",\"@graph\":[{\"@type\":\"WebPage\",\"@id\":\"https:\\\/\\\/josilq.pl\\\/en\\\/produkt\\\/silk-eye-mask\\\/\",\"url\":\"https:\\\/\\\/josilq.pl\\\/en\\\/produkt\\\/silk-eye-mask\\\/\",\"name\":\"Silk eye mask JOSILQ | 100% pure mulberry silk\",\"isPartOf\":{\"@id\":\"https:\\\/\\\/josilq.pl\\\/#website\"},\"primaryImageOfPage\":{\"@id\":\"https:\\\/\\\/josilq.pl\\\/en\\\/produkt\\\/silk-eye-mask\\\/#primaryimage\"},\"image\":{\"@id\":\"https:\\\/\\\/josilq.pl\\\/en\\\/produkt\\\/silk-eye-mask\\\/#primaryimage\"},\"thumbnailUrl\":\"https:\\\/\\\/josilq.pl\\\/wp-content\\\/uploads\\\/2019\\\/09\\\/opaski-blekit-kat.jpg\",\"datePublished\":\"2016-01-30T13:53:20+00:00\",\"dateModified\":\"2024-09-10T15:10:19+00:00\",\"description\":\"Silk eye mask made from high-quality 100% pure mulberry silk and \ufb01lled with pure silk \ufb02oss.\",\"breadcrumb\":{\"@id\":\"https:\\\/\\\/josilq.pl\\\/en\\\/produkt\\\/silk-eye-mask\\\/#breadcrumb\"},\"inLanguage\":\"en-US\",\"potentialAction\":[{\"@type\":\"ReadAction\",\"target\":[\"https:\\\/\\\/josilq.pl\\\/en\\\/produkt\\\/silk-eye-mask\\\/\"]}]},{\"@type\":\"ImageObject\",\"inLanguage\":\"en-US\",\"@id\":\"https:\\\/\\\/josilq.pl\\\/en\\\/produkt\\\/silk-eye-mask\\\/#primaryimage\",\"url\":\"https:\\\/\\\/josilq.pl\\\/wp-content\\\/uploads\\\/2019\\\/09\\\/opaski-blekit-kat.jpg\",\"contentUrl\":\"https:\\\/\\\/josilq.pl\\\/wp-content\\\/uploads\\\/2019\\\/09\\\/opaski-blekit-kat.jpg\",\"width\":1200,\"height\":801},{\"@type\":\"BreadcrumbList\",\"@id\":\"https:\\\/\\\/josilq.pl\\\/en\\\/produkt\\\/silk-eye-mask\\\/#breadcrumb\",\"itemListElement\":[{\"@type\":\"ListItem\",\"position\":1,\"name\":\"Strona g\u0142\u00f3wna\",\"item\":\"https:\\\/\\\/josilq.pl\\\/en\\\/\"},{\"@type\":\"ListItem\",\"position\":2,\"name\":\"Sklep\",\"item\":\"https:\\\/\\\/josilq.pl\\\/sklep\\\/\"},{\"@type\":\"ListItem\",\"position\":3,\"name\":\"Silk eye mask\"}]},{\"@type\":\"WebSite\",\"@id\":\"https:\\\/\\\/josilq.pl\\\/#website\",\"url\":\"https:\\\/\\\/josilq.pl\\\/\",\"name\":\"Luksusowe jedwabie JOSILQ\",\"description\":\"Josilq - jedwabna po\u015bciel dla doros\u0142ych i dzieci, ko\u0142dry i poduszki wype\u0142nione jedwabiem, jedwabna bielizna nocna i jedwabne akcesoria. 100% naturalny jedwab morwowy.\",\"publisher\":{\"@id\":\"https:\\\/\\\/josilq.pl\\\/#organization\"},\"potentialAction\":[{\"@type\":\"SearchAction\",\"target\":{\"@type\":\"EntryPoint\",\"urlTemplate\":\"https:\\\/\\\/josilq.pl\\\/?s={search_term_string}\"},\"query-input\":{\"@type\":\"PropertyValueSpecification\",\"valueRequired\":true,\"valueName\":\"search_term_string\"}}],\"inLanguage\":\"en-US\"},{\"@type\":\"Organization\",\"@id\":\"https:\\\/\\\/josilq.pl\\\/#organization\",\"name\":\"JOSILQ\",\"url\":\"https:\\\/\\\/josilq.pl\\\/\",\"logo\":{\"@type\":\"ImageObject\",\"inLanguage\":\"en-US\",\"@id\":\"https:\\\/\\\/josilq.pl\\\/#\\\/schema\\\/logo\\\/image\\\/\",\"url\":\"https:\\\/\\\/josilq.pl\\\/wp-content\\\/uploads\\\/2017\\\/03\\\/logo512.jpg\",\"contentUrl\":\"https:\\\/\\\/josilq.pl\\\/wp-content\\\/uploads\\\/2017\\\/03\\\/logo512.jpg\",\"width\":512,\"height\":512,\"caption\":\"JOSILQ\"},\"image\":{\"@id\":\"https:\\\/\\\/josilq.pl\\\/#\\\/schema\\\/logo\\\/image\\\/\"},\"sameAs\":[\"https:\\\/\\\/www.facebook.com\\\/jedwabjosilq\\\/\",\"https:\\\/\\\/www.instagram.com\\\/josilq.pl\\\/\"]}]}<\/script>\n<meta property=\"og:availability\" content=\"instock\" \/>\n<meta property=\"product:availability\" content=\"instock\" \/>\n<meta property=\"product:condition\" content=\"new\" \/>\n<!-- \/ Yoast SEO Premium plugin. -->","yoast_head_json":{"title":"Silk eye mask JOSILQ | 100% pure mulberry silk","description":"Silk eye mask made from high-quality 100% pure mulberry silk and \ufb01lled with pure silk \ufb02oss.","robots":{"index":"index","follow":"follow","max-snippet":"max-snippet:-1","max-image-preview":"max-image-preview:large","max-video-preview":"max-video-preview:-1"},"canonical":"https:\/\/josilq.pl\/en\/produkt\/silk-eye-mask\/","og_locale":"en_US","og_type":"article","og_title":"Silk eye mask","og_description":"Silk eye mask made from high-quality 100% pure mulberry silk and \ufb01lled with pure silk \ufb02oss.","og_url":"https:\/\/josilq.pl\/en\/produkt\/silk-eye-mask\/","og_site_name":"Jedwab JOSILQ","article_publisher":"https:\/\/www.facebook.com\/jedwabjosilq\/","article_modified_time":"2024-09-10T15:10:19+00:00","og_image":[{"width":1200,"height":801,"url":"https:\/\/josilq.pl\/wp-content\/uploads\/2019\/09\/opaski-blekit-kat.jpg","type":"image\/jpeg"}],"twitter_card":"summary_large_image","twitter_misc":{"Availability":"In stock"},"schema":{"@context":"https:\/\/schema.org","@graph":[{"@type":"WebPage","@id":"https:\/\/josilq.pl\/en\/produkt\/silk-eye-mask\/","url":"https:\/\/josilq.pl\/en\/produkt\/silk-eye-mask\/","name":"Silk eye mask JOSILQ | 100% pure mulberry silk","isPartOf":{"@id":"https:\/\/josilq.pl\/#website"},"primaryImageOfPage":{"@id":"https:\/\/josilq.pl\/en\/produkt\/silk-eye-mask\/#primaryimage"},"image":{"@id":"https:\/\/josilq.pl\/en\/produkt\/silk-eye-mask\/#primaryimage"},"thumbnailUrl":"https:\/\/josilq.pl\/wp-content\/uploads\/2019\/09\/opaski-blekit-kat.jpg","datePublished":"2016-01-30T13:53:20+00:00","dateModified":"2024-09-10T15:10:19+00:00","description":"Silk eye mask made from high-quality 100% pure mulberry silk and \ufb01lled with pure silk \ufb02oss.","breadcrumb":{"@id":"https:\/\/josilq.pl\/en\/produkt\/silk-eye-mask\/#breadcrumb"},"inLanguage":"en-US","potentialAction":[{"@type":"ReadAction","target":["https:\/\/josilq.pl\/en\/produkt\/silk-eye-mask\/"]}]},{"@type":"ImageObject","inLanguage":"en-US","@id":"https:\/\/josilq.pl\/en\/produkt\/silk-eye-mask\/#primaryimage","url":"https:\/\/josilq.pl\/wp-content\/uploads\/2019\/09\/opaski-blekit-kat.jpg","contentUrl":"https:\/\/josilq.pl\/wp-content\/uploads\/2019\/09\/opaski-blekit-kat.jpg","width":1200,"height":801},{"@type":"BreadcrumbList","@id":"https:\/\/josilq.pl\/en\/produkt\/silk-eye-mask\/#breadcrumb","itemListElement":[{"@type":"ListItem","position":1,"name":"Strona g\u0142\u00f3wna","item":"https:\/\/josilq.pl\/en\/"},{"@type":"ListItem","position":2,"name":"Sklep","item":"https:\/\/josilq.pl\/sklep\/"},{"@type":"ListItem","position":3,"name":"Silk eye mask"}]},{"@type":"WebSite","@id":"https:\/\/josilq.pl\/#website","url":"https:\/\/josilq.pl\/","name":"Luksusowe jedwabie JOSILQ","description":"Josilq - jedwabna po\u015bciel dla doros\u0142ych i dzieci, ko\u0142dry i poduszki wype\u0142nione jedwabiem, jedwabna bielizna nocna i jedwabne akcesoria. 100% naturalny jedwab morwowy.","publisher":{"@id":"https:\/\/josilq.pl\/#organization"},"potentialAction":[{"@type":"SearchAction","target":{"@type":"EntryPoint","urlTemplate":"https:\/\/josilq.pl\/?s={search_term_string}"},"query-input":{"@type":"PropertyValueSpecification","valueRequired":true,"valueName":"search_term_string"}}],"inLanguage":"en-US"},{"@type":"Organization","@id":"https:\/\/josilq.pl\/#organization","name":"JOSILQ","url":"https:\/\/josilq.pl\/","logo":{"@type":"ImageObject","inLanguage":"en-US","@id":"https:\/\/josilq.pl\/#\/schema\/logo\/image\/","url":"https:\/\/josilq.pl\/wp-content\/uploads\/2017\/03\/logo512.jpg","contentUrl":"https:\/\/josilq.pl\/wp-content\/uploads\/2017\/03\/logo512.jpg","width":512,"height":512,"caption":"JOSILQ"},"image":{"@id":"https:\/\/josilq.pl\/#\/schema\/logo\/image\/"},"sameAs":["https:\/\/www.facebook.com\/jedwabjosilq\/","https:\/\/www.instagram.com\/josilq.pl\/"]}]},"og_availability":"instock","product_availability":"instock","product_condition":"new"},"_links":{"self":[{"href":"https:\/\/josilq.pl\/en\/wp-json\/wp\/v2\/product\/10844","targetHints":{"allow":["GET"]}}],"collection":[{"href":"https:\/\/josilq.pl\/en\/wp-json\/wp\/v2\/product"}],"about":[{"href":"https:\/\/josilq.pl\/en\/wp-json\/wp\/v2\/types\/product"}],"replies":[{"embeddable":true,"href":"https:\/\/josilq.pl\/en\/wp-json\/wp\/v2\/comments?post=10844"}],"version-history":[{"count":0,"href":"https:\/\/josilq.pl\/en\/wp-json\/wp\/v2\/product\/10844\/revisions"}],"wp:featuredmedia":[{"embeddable":true,"href":"https:\/\/josilq.pl\/en\/wp-json\/wp\/v2\/media\/8903"}],"wp:attachment":[{"href":"https:\/\/josilq.pl\/en\/wp-json\/wp\/v2\/media?parent=10844"}],"wp:term":[{"taxonomy":"product_brand","embeddable":true,"href":"https:\/\/josilq.pl\/en\/wp-json\/wp\/v2\/product_brand?post=10844"},{"taxonomy":"product_cat","embeddable":true,"href":"https:\/\/josilq.pl\/en\/wp-json\/wp\/v2\/product_cat?post=10844"},{"taxonomy":"product_tag","embeddable":true,"href":"https:\/\/josilq.pl\/en\/wp-json\/wp\/v2\/product_tag?post=10844"}],"curies":[{"name":"wp","href":"https:\/\/api.w.org\/{rel}","templated":true}]}}