{"id":11112,"date":"2019-06-14T13:29:25","date_gmt":"2019-06-14T11:29:25","guid":{"rendered":"https:\/\/josilq.pl\/produkt\/silk-pillowcases-40x40\/"},"modified":"2023-12-18T19:30:53","modified_gmt":"2023-12-18T18:30:53","slug":"silk-pillowcases-40x40","status":"publish","type":"product","link":"https:\/\/josilq.pl\/en\/produkt\/silk-pillowcases-40x40\/","title":{"rendered":"Silk pillowcases 40&#215;40"},"content":{"rendered":"<p><strong>JOSILQ SILK PILLOWCASES<\/strong><\/p>\n<p>Luxury JOSILQ pillowcases made with <strong>100% pure mulberry silk charmeuse satin<\/strong>.<\/p>\n<p>They give a unique feeling of comfort, pleasure and elegance.<\/p>\n<p>The JOSILQ silk pillowcase is worth buying not only for aesthetic but also for health reasons. Mulberry silk is a hypoallergenic material, so it is great for people suffering from asthma, all kinds of allergies and other respiratory disorders. It is also recommended for people with high blood pressure and arthritis.<\/p>\n<p>A beautiful, elegant and perfectly made JOSILQ silk pillowcase can be a great gift for both you and your loved ones.<\/p>\n<p>If you are buying a JOSILQ silk pillowcase as a gift, you can get it in an elegant gift box, such as in the picture.<\/p>\n<p>All JOSILQ silk pillowcases are made in Poland.<\/p>\n<p>The colours in the pictures may differ from the real ones.<\/p>\n<p><strong>SPECIFICATION:<\/strong><\/p>\n<ul>\n<li>Size: 40&#215;40 cm<\/li>\n<li>Material: 100% pure mulberry silk<\/li>\n<li>Silk weight: 19 or 22 momme<\/li>\n<li>Fastening: zipper<\/li>\n<\/ul>\n<p>Silk has a very beneficial effect on the health of our skin and hair.\u00a0Thanks to the high protein content, direct contact with silk helps to keep the hair shiny and the skin soft, preventing wrinkles.<\/p>\n<p><strong>CARE INSTRUCTIONS FOR SILK PILLOWCASES:<\/strong><\/p>\n<ul>\n<li>Wash the pillowcases by hand in lukewarm water or in a washing machine at 30<sup>0\u00a0<\/sup>temperature, using a very mild detergent, preferably a special silk detergent<\/li>\n<li>Wet silk is best dried in a towel and spread out to dry completely<\/li>\n<li>Dry flat<\/li>\n<li>Do not dry over the heater and in the sun<\/li>\n<li>In case of creases, the pillowcase can be ironed with an iron set on silk (very low temperature)<\/li>\n<li>Never use bleach for washing &#8211; the silk fiber may dissolve!<\/li>\n<\/ul>\n","protected":false},"excerpt":{"rendered":"<p><strong>JOSILQ SILK PILLOWCASES<\/strong><\/p>\n<p>Luxury JOSILQ pillowcases made with <strong>100% pure mulberry silk charmeuse satin<\/strong>.<\/p>\n<p>They give a unique feeling of comfort, pleasure and elegance.<\/p>\n<p>The JOSILQ silk pillowcase is worth buying not only for aesthetic but also for health reasons. Mulberry silk is a hypoallergenic material, so it is great for people suffering from asthma, all kinds of allergies and other respiratory disorders. It is also recommended for people with high blood pressure and arthritis.<\/p>\n<p>A beautiful, elegant and perfectly made JOSILQ silk pillowcase can be a great gift for both you and your loved ones.<\/p>\n<p>If you are buying a JOSILQ silk pillowcase as a gift, you can get it in an elegant gift box, such as in the picture.<\/p>\n<p>All JOSILQ silk pillowcases are made in Poland.<\/p>\n<p>The colours in the pictures may differ from the real ones.<\/p>\n","protected":false},"featured_media":22775,"comment_status":"open","ping_status":"closed","template":"","meta":[],"product_brand":[],"product_cat":[73],"product_tag":[],"class_list":{"0":"post-11112","1":"product","2":"type-product","3":"status-publish","4":"has-post-thumbnail","6":"product_cat-silk-pillowcases","7":"product_shipping_class-jedwabne-poszewki-na-poduszki-en","9":"first","10":"instock","11":"sale","12":"shipping-taxable","13":"purchasable","14":"product-type-variable"},"yoast_head":"<!-- This site is optimized with the Yoast SEO Premium plugin v27.3 (Yoast SEO v27.3) - https:\/\/yoast.com\/product\/yoast-seo-premium-wordpress\/ -->\n<title>Luxury silk pillowcases JOSILQ | Luxury silk beddings<\/title>\n<meta name=\"description\" content=\"Luxury JOSILQ pillowcases made with 100% pure mulberry silk charmeuse satin.They give a unique feeling of comfort, pleasure and elegance.\" \/>\n<meta name=\"robots\" content=\"index, follow, max-snippet:-1, max-image-preview:large, max-video-preview:-1\" \/>\n<link rel=\"canonical\" href=\"https:\/\/josilq.pl\/?post_type=product&p=3779\" \/>\n<meta property=\"og:locale\" content=\"en_US\" \/>\n<meta property=\"og:type\" content=\"article\" \/>\n<meta property=\"og:title\" content=\"Silk pillowcases 40x40\" \/>\n<meta property=\"og:description\" content=\"Luxury JOSILQ pillowcases made with 100% pure mulberry silk charmeuse satin.They give a unique feeling of comfort, pleasure and elegance.\" \/>\n<meta property=\"og:url\" content=\"https:\/\/josilq.pl\/?post_type=product&amp;p=3779\" \/>\n<meta property=\"og:site_name\" content=\"Jedwab JOSILQ\" \/>\n<meta property=\"article:publisher\" content=\"https:\/\/www.facebook.com\/jedwabjosilq\/\" \/>\n<meta property=\"article:modified_time\" content=\"2023-12-18T18:30:53+00:00\" \/>\n<meta property=\"og:image\" content=\"https:\/\/josilq.pl\/wp-content\/uploads\/2020\/07\/POSZEWKI-JEDWABNE-2.jpg\" \/>\n\t<meta property=\"og:image:width\" content=\"1200\" \/>\n\t<meta property=\"og:image:height\" content=\"800\" \/>\n\t<meta property=\"og:image:type\" content=\"image\/jpeg\" \/>\n<meta name=\"twitter:card\" content=\"summary_large_image\" \/>\n<meta name=\"twitter:label1\" content=\"Availability\" \/>\n\t<meta name=\"twitter:data1\" content=\"In stock\" \/>\n<script type=\"application\/ld+json\" class=\"yoast-schema-graph\">{\"@context\":\"https:\\\/\\\/schema.org\",\"@graph\":[{\"@type\":\"WebPage\",\"@id\":\"https:\\\/\\\/josilq.pl\\\/?post_type=product&p=3779\",\"url\":\"https:\\\/\\\/josilq.pl\\\/?post_type=product&p=3779\",\"name\":\"Luxury silk pillowcases JOSILQ | Luxury silk beddings\",\"isPartOf\":{\"@id\":\"https:\\\/\\\/josilq.pl\\\/#website\"},\"primaryImageOfPage\":{\"@id\":\"https:\\\/\\\/josilq.pl\\\/?post_type=product&p=3779#primaryimage\"},\"image\":{\"@id\":\"https:\\\/\\\/josilq.pl\\\/?post_type=product&p=3779#primaryimage\"},\"thumbnailUrl\":\"https:\\\/\\\/josilq.pl\\\/wp-content\\\/uploads\\\/2020\\\/07\\\/POSZEWKI-JEDWABNE-2.jpg\",\"datePublished\":\"2019-06-14T11:29:25+00:00\",\"dateModified\":\"2023-12-18T18:30:53+00:00\",\"description\":\"Luxury JOSILQ pillowcases made with 100% pure mulberry silk charmeuse satin.They give a unique feeling of comfort, pleasure and elegance.\",\"breadcrumb\":{\"@id\":\"https:\\\/\\\/josilq.pl\\\/?post_type=product&p=3779#breadcrumb\"},\"inLanguage\":\"en-US\",\"potentialAction\":[{\"@type\":\"ReadAction\",\"target\":[\"https:\\\/\\\/josilq.pl\\\/?post_type=product&p=3779\"]}]},{\"@type\":\"ImageObject\",\"inLanguage\":\"en-US\",\"@id\":\"https:\\\/\\\/josilq.pl\\\/?post_type=product&p=3779#primaryimage\",\"url\":\"https:\\\/\\\/josilq.pl\\\/wp-content\\\/uploads\\\/2020\\\/07\\\/POSZEWKI-JEDWABNE-2.jpg\",\"contentUrl\":\"https:\\\/\\\/josilq.pl\\\/wp-content\\\/uploads\\\/2020\\\/07\\\/POSZEWKI-JEDWABNE-2.jpg\",\"width\":1200,\"height\":800,\"caption\":\"jedwabne poszewki\"},{\"@type\":\"BreadcrumbList\",\"@id\":\"https:\\\/\\\/josilq.pl\\\/?post_type=product&p=3779#breadcrumb\",\"itemListElement\":[{\"@type\":\"ListItem\",\"position\":1,\"name\":\"Strona g\u0142\u00f3wna\",\"item\":\"https:\\\/\\\/josilq.pl\\\/en\\\/\"},{\"@type\":\"ListItem\",\"position\":2,\"name\":\"Sklep\",\"item\":\"https:\\\/\\\/josilq.pl\\\/sklep\\\/\"},{\"@type\":\"ListItem\",\"position\":3,\"name\":\"Silk pillowcases 40&#215;40\"}]},{\"@type\":\"WebSite\",\"@id\":\"https:\\\/\\\/josilq.pl\\\/#website\",\"url\":\"https:\\\/\\\/josilq.pl\\\/\",\"name\":\"Luksusowe jedwabie JOSILQ\",\"description\":\"Josilq - jedwabna po\u015bciel dla doros\u0142ych i dzieci, ko\u0142dry i poduszki wype\u0142nione jedwabiem, jedwabna bielizna nocna i jedwabne akcesoria. 100% naturalny jedwab morwowy.\",\"publisher\":{\"@id\":\"https:\\\/\\\/josilq.pl\\\/#organization\"},\"potentialAction\":[{\"@type\":\"SearchAction\",\"target\":{\"@type\":\"EntryPoint\",\"urlTemplate\":\"https:\\\/\\\/josilq.pl\\\/?s={search_term_string}\"},\"query-input\":{\"@type\":\"PropertyValueSpecification\",\"valueRequired\":true,\"valueName\":\"search_term_string\"}}],\"inLanguage\":\"en-US\"},{\"@type\":\"Organization\",\"@id\":\"https:\\\/\\\/josilq.pl\\\/#organization\",\"name\":\"JOSILQ\",\"url\":\"https:\\\/\\\/josilq.pl\\\/\",\"logo\":{\"@type\":\"ImageObject\",\"inLanguage\":\"en-US\",\"@id\":\"https:\\\/\\\/josilq.pl\\\/#\\\/schema\\\/logo\\\/image\\\/\",\"url\":\"https:\\\/\\\/josilq.pl\\\/wp-content\\\/uploads\\\/2017\\\/03\\\/logo512.jpg\",\"contentUrl\":\"https:\\\/\\\/josilq.pl\\\/wp-content\\\/uploads\\\/2017\\\/03\\\/logo512.jpg\",\"width\":512,\"height\":512,\"caption\":\"JOSILQ\"},\"image\":{\"@id\":\"https:\\\/\\\/josilq.pl\\\/#\\\/schema\\\/logo\\\/image\\\/\"},\"sameAs\":[\"https:\\\/\\\/www.facebook.com\\\/jedwabjosilq\\\/\",\"https:\\\/\\\/www.instagram.com\\\/josilq.pl\\\/\"]}]}<\/script>\n<meta property=\"og:availability\" content=\"instock\" \/>\n<meta property=\"product:availability\" content=\"instock\" \/>\n<meta property=\"product:condition\" content=\"new\" \/>\n<!-- \/ Yoast SEO Premium plugin. -->","yoast_head_json":{"title":"Luxury silk pillowcases JOSILQ | Luxury silk beddings","description":"Luxury JOSILQ pillowcases made with 100% pure mulberry silk charmeuse satin.They give a unique feeling of comfort, pleasure and elegance.","robots":{"index":"index","follow":"follow","max-snippet":"max-snippet:-1","max-image-preview":"max-image-preview:large","max-video-preview":"max-video-preview:-1"},"canonical":"https:\/\/josilq.pl\/?post_type=product&p=3779","og_locale":"en_US","og_type":"article","og_title":"Silk pillowcases 40x40","og_description":"Luxury JOSILQ pillowcases made with 100% pure mulberry silk charmeuse satin.They give a unique feeling of comfort, pleasure and elegance.","og_url":"https:\/\/josilq.pl\/?post_type=product&p=3779","og_site_name":"Jedwab JOSILQ","article_publisher":"https:\/\/www.facebook.com\/jedwabjosilq\/","article_modified_time":"2023-12-18T18:30:53+00:00","og_image":[{"width":1200,"height":800,"url":"https:\/\/josilq.pl\/wp-content\/uploads\/2020\/07\/POSZEWKI-JEDWABNE-2.jpg","type":"image\/jpeg"}],"twitter_card":"summary_large_image","twitter_misc":{"Availability":"In stock"},"schema":{"@context":"https:\/\/schema.org","@graph":[{"@type":"WebPage","@id":"https:\/\/josilq.pl\/?post_type=product&p=3779","url":"https:\/\/josilq.pl\/?post_type=product&p=3779","name":"Luxury silk pillowcases JOSILQ | Luxury silk beddings","isPartOf":{"@id":"https:\/\/josilq.pl\/#website"},"primaryImageOfPage":{"@id":"https:\/\/josilq.pl\/?post_type=product&p=3779#primaryimage"},"image":{"@id":"https:\/\/josilq.pl\/?post_type=product&p=3779#primaryimage"},"thumbnailUrl":"https:\/\/josilq.pl\/wp-content\/uploads\/2020\/07\/POSZEWKI-JEDWABNE-2.jpg","datePublished":"2019-06-14T11:29:25+00:00","dateModified":"2023-12-18T18:30:53+00:00","description":"Luxury JOSILQ pillowcases made with 100% pure mulberry silk charmeuse satin.They give a unique feeling of comfort, pleasure and elegance.","breadcrumb":{"@id":"https:\/\/josilq.pl\/?post_type=product&p=3779#breadcrumb"},"inLanguage":"en-US","potentialAction":[{"@type":"ReadAction","target":["https:\/\/josilq.pl\/?post_type=product&p=3779"]}]},{"@type":"ImageObject","inLanguage":"en-US","@id":"https:\/\/josilq.pl\/?post_type=product&p=3779#primaryimage","url":"https:\/\/josilq.pl\/wp-content\/uploads\/2020\/07\/POSZEWKI-JEDWABNE-2.jpg","contentUrl":"https:\/\/josilq.pl\/wp-content\/uploads\/2020\/07\/POSZEWKI-JEDWABNE-2.jpg","width":1200,"height":800,"caption":"jedwabne poszewki"},{"@type":"BreadcrumbList","@id":"https:\/\/josilq.pl\/?post_type=product&p=3779#breadcrumb","itemListElement":[{"@type":"ListItem","position":1,"name":"Strona g\u0142\u00f3wna","item":"https:\/\/josilq.pl\/en\/"},{"@type":"ListItem","position":2,"name":"Sklep","item":"https:\/\/josilq.pl\/sklep\/"},{"@type":"ListItem","position":3,"name":"Silk pillowcases 40&#215;40"}]},{"@type":"WebSite","@id":"https:\/\/josilq.pl\/#website","url":"https:\/\/josilq.pl\/","name":"Luksusowe jedwabie JOSILQ","description":"Josilq - jedwabna po\u015bciel dla doros\u0142ych i dzieci, ko\u0142dry i poduszki wype\u0142nione jedwabiem, jedwabna bielizna nocna i jedwabne akcesoria. 100% naturalny jedwab morwowy.","publisher":{"@id":"https:\/\/josilq.pl\/#organization"},"potentialAction":[{"@type":"SearchAction","target":{"@type":"EntryPoint","urlTemplate":"https:\/\/josilq.pl\/?s={search_term_string}"},"query-input":{"@type":"PropertyValueSpecification","valueRequired":true,"valueName":"search_term_string"}}],"inLanguage":"en-US"},{"@type":"Organization","@id":"https:\/\/josilq.pl\/#organization","name":"JOSILQ","url":"https:\/\/josilq.pl\/","logo":{"@type":"ImageObject","inLanguage":"en-US","@id":"https:\/\/josilq.pl\/#\/schema\/logo\/image\/","url":"https:\/\/josilq.pl\/wp-content\/uploads\/2017\/03\/logo512.jpg","contentUrl":"https:\/\/josilq.pl\/wp-content\/uploads\/2017\/03\/logo512.jpg","width":512,"height":512,"caption":"JOSILQ"},"image":{"@id":"https:\/\/josilq.pl\/#\/schema\/logo\/image\/"},"sameAs":["https:\/\/www.facebook.com\/jedwabjosilq\/","https:\/\/www.instagram.com\/josilq.pl\/"]}]},"og_availability":"instock","product_availability":"instock","product_condition":"new"},"_links":{"self":[{"href":"https:\/\/josilq.pl\/en\/wp-json\/wp\/v2\/product\/11112","targetHints":{"allow":["GET"]}}],"collection":[{"href":"https:\/\/josilq.pl\/en\/wp-json\/wp\/v2\/product"}],"about":[{"href":"https:\/\/josilq.pl\/en\/wp-json\/wp\/v2\/types\/product"}],"replies":[{"embeddable":true,"href":"https:\/\/josilq.pl\/en\/wp-json\/wp\/v2\/comments?post=11112"}],"version-history":[{"count":0,"href":"https:\/\/josilq.pl\/en\/wp-json\/wp\/v2\/product\/11112\/revisions"}],"wp:featuredmedia":[{"embeddable":true,"href":"https:\/\/josilq.pl\/en\/wp-json\/wp\/v2\/media\/22775"}],"wp:attachment":[{"href":"https:\/\/josilq.pl\/en\/wp-json\/wp\/v2\/media?parent=11112"}],"wp:term":[{"taxonomy":"product_brand","embeddable":true,"href":"https:\/\/josilq.pl\/en\/wp-json\/wp\/v2\/product_brand?post=11112"},{"taxonomy":"product_cat","embeddable":true,"href":"https:\/\/josilq.pl\/en\/wp-json\/wp\/v2\/product_cat?post=11112"},{"taxonomy":"product_tag","embeddable":true,"href":"https:\/\/josilq.pl\/en\/wp-json\/wp\/v2\/product_tag?post=11112"}],"curies":[{"name":"wp","href":"https:\/\/api.w.org\/{rel}","templated":true}]}}