{"id":23608,"date":"2020-12-02T14:09:42","date_gmt":"2020-12-02T13:09:42","guid":{"rendered":"https:\/\/josilq.pl\/produkt\/silk-mask\/"},"modified":"2025-05-06T05:50:06","modified_gmt":"2025-05-06T03:50:06","slug":"silk-mask","status":"publish","type":"product","link":"https:\/\/josilq.pl\/en\/produkt\/silk-mask\/","title":{"rendered":"Silk mask"},"content":{"rendered":"<h1>Double-layer silk reusable protective mask.<\/h1>\n<p>Made with the greatest care from the highest quality natural mulberry silk silk.<\/p>\n<p>Extremely smooth and delicate, provides high breathability, which increases the comfort of wearing.<\/p>\n<p>Perfectly contoured. Thanks to the adjustable elastic on the ears and the nose piece, it perfectly fits the shape of the face.<\/p>\n<p>Mulberry silk is a hypoallergenic material, so it is perfect for people suffering from asthma, all kinds of allergies and other respiratory disorders.<\/p>\n<p>We sew our silk masks in Poland. We take care of every detail to meet your expectations.<\/p>\n<p>The mask comes with a black satin pouch with the JOSILQ logo for easy storage and transport.<\/p>\n<p>The colors in the photos may differ from the real ones.<\/p>\n<p>All silk products offered by the JOSILQ store have the Oeko-Tex Standard 100 textile safety mark, which is widely recognized in the world.<\/p>\n<p>The mask is not a medical device and has not been made in sterile conditions.<\/p>\n<h3>SPECIFICATION:<\/h3>\n<ul>\n<li>Size: 23&#215;12 cm<\/li>\n<li>Materia\u0142: 100% pure mulberry silk<\/li>\n<li>Silk weight: 19 momme<\/li>\n<li>Adjustable elastic bands on the ears<\/li>\n<li>Nose clip<\/li>\n<\/ul>\n<h2>HOW TO TAKE CARE OF SILK MASKS:<\/h2>\n<ul>\n<li>We recommend washing silk by hand, in lukewarm water, using a very delicate detergent (a mild soap, shampoo or preferably a special detergent for washing silk)<\/li>\n<li>If you decide to wash in a washing machine, wash the silk inside out at a maximum temperature of 30<sup>0<\/sup>, preferably in a special bag for washing delicate clothes.<\/li>\n<li>Do not squeeze or wring. Dry the wet silk in a towel and spread it out until it is completely dry<\/li>\n<li>Dry flat<\/li>\n<li>Do not dry over a heater and in the sun<\/li>\n<li>If there are wrinkles, the fabric can be ironed on silk mode (very low temperature), first on the left side, then on the right side<\/li>\n<li>Never use bleach for washing &#8211; silk fiber may melt!<\/li>\n<\/ul>\n","protected":false},"excerpt":{"rendered":"<h1>Double-layer silk reusable protective mask.<\/h1>\n<p>Made with the greatest care from the highest quality natural mulberry silk silk.<\/p>\n<p>Extremely smooth and delicate, provides high breathability, which increases the comfort of wearing.<\/p>\n<p>Perfectly contoured. Thanks to the adjustable elastic on the ears and the nose piece, it perfectly fits the shape of the face.<\/p>\n<p>Mulberry silk is a hypoallergenic material, so it is perfect for people suffering from asthma, all kinds of allergies and other respiratory disorders.<\/p>\n<p>We sew our silk masks in Poland. We take care of every detail to meet your expectations.<\/p>\n<p>The mask comes with a black satin pouch with the JOSILQ logo for easy storage and transport.<\/p>\n<p>The colors in the photos may differ from the real ones.<\/p>\n<p>All silk products offered by the JOSILQ store have the Oeko-Tex Standard 100 textile safety mark, which is widely recognized in the world.<\/p>\n<p>The mask is not a medical device and has not been made in sterile conditions.<\/p>\n<h3>SPECIFICATION:<\/h3>\n<ul>\n<li>Size: 23&#215;12 cm<\/li>\n<li>Materia\u0142: 100% pure mulberry silk<\/li>\n<li>Silk weight: 19 momme<\/li>\n<li>Adjustable elastic bands on the ears<\/li>\n<li>Nose clip<\/li>\n<\/ul>\n","protected":false},"featured_media":23245,"comment_status":"open","ping_status":"closed","template":"","meta":[],"product_brand":[],"product_cat":[69],"product_tag":[],"class_list":{"0":"post-23608","1":"product","2":"type-product","3":"status-publish","4":"has-post-thumbnail","6":"product_cat-silk-accessories","7":"product_shipping_class-silk-eye-mask","9":"first","10":"instock","11":"shipping-taxable","12":"purchasable","13":"product-type-variable"},"yoast_head":"<!-- This site is optimized with the Yoast SEO Premium plugin v27.3 (Yoast SEO v27.3) - https:\/\/yoast.com\/product\/yoast-seo-premium-wordpress\/ -->\n<title>Silk mask - Jedwab JOSILQ<\/title>\n<meta name=\"description\" content=\"Double-layer silk reusable protective mask. Made from the highest quality natural mulberry silk.\" \/>\n<meta name=\"robots\" content=\"index, follow, max-snippet:-1, max-image-preview:large, max-video-preview:-1\" \/>\n<link rel=\"canonical\" href=\"https:\/\/josilq.pl\/en\/produkt\/silk-mask\/\" \/>\n<meta property=\"og:locale\" content=\"en_US\" \/>\n<meta property=\"og:type\" content=\"article\" \/>\n<meta property=\"og:title\" content=\"Silk mask\" \/>\n<meta property=\"og:description\" content=\"Double-layer silk reusable protective mask. Made from the highest quality natural mulberry silk.\" \/>\n<meta property=\"og:url\" content=\"https:\/\/josilq.pl\/en\/produkt\/silk-mask\/\" \/>\n<meta property=\"og:site_name\" content=\"Jedwab JOSILQ\" \/>\n<meta property=\"article:publisher\" content=\"https:\/\/www.facebook.com\/jedwabjosilq\/\" \/>\n<meta property=\"article:modified_time\" content=\"2025-05-06T03:50:06+00:00\" \/>\n<meta property=\"og:image\" content=\"https:\/\/josilq.pl\/wp-content\/uploads\/2020\/12\/maseczki.jpg\" \/>\n\t<meta property=\"og:image:width\" content=\"1200\" \/>\n\t<meta property=\"og:image:height\" content=\"800\" \/>\n\t<meta property=\"og:image:type\" content=\"image\/jpeg\" \/>\n<meta name=\"twitter:card\" content=\"summary_large_image\" \/>\n<meta name=\"twitter:label1\" content=\"Availability\" \/>\n\t<meta name=\"twitter:data1\" content=\"In stock\" \/>\n<script type=\"application\/ld+json\" class=\"yoast-schema-graph\">{\"@context\":\"https:\\\/\\\/schema.org\",\"@graph\":[{\"@type\":\"WebPage\",\"@id\":\"https:\\\/\\\/josilq.pl\\\/en\\\/produkt\\\/silk-mask\\\/\",\"url\":\"https:\\\/\\\/josilq.pl\\\/en\\\/produkt\\\/silk-mask\\\/\",\"name\":\"Silk mask - Jedwab JOSILQ\",\"isPartOf\":{\"@id\":\"https:\\\/\\\/josilq.pl\\\/#website\"},\"primaryImageOfPage\":{\"@id\":\"https:\\\/\\\/josilq.pl\\\/en\\\/produkt\\\/silk-mask\\\/#primaryimage\"},\"image\":{\"@id\":\"https:\\\/\\\/josilq.pl\\\/en\\\/produkt\\\/silk-mask\\\/#primaryimage\"},\"thumbnailUrl\":\"https:\\\/\\\/josilq.pl\\\/wp-content\\\/uploads\\\/2020\\\/12\\\/maseczki.jpg\",\"datePublished\":\"2020-12-02T13:09:42+00:00\",\"dateModified\":\"2025-05-06T03:50:06+00:00\",\"description\":\"Double-layer silk reusable protective mask. Made from the highest quality natural mulberry silk.\",\"breadcrumb\":{\"@id\":\"https:\\\/\\\/josilq.pl\\\/en\\\/produkt\\\/silk-mask\\\/#breadcrumb\"},\"inLanguage\":\"en-US\",\"potentialAction\":[{\"@type\":\"ReadAction\",\"target\":[\"https:\\\/\\\/josilq.pl\\\/en\\\/produkt\\\/silk-mask\\\/\"]}]},{\"@type\":\"ImageObject\",\"inLanguage\":\"en-US\",\"@id\":\"https:\\\/\\\/josilq.pl\\\/en\\\/produkt\\\/silk-mask\\\/#primaryimage\",\"url\":\"https:\\\/\\\/josilq.pl\\\/wp-content\\\/uploads\\\/2020\\\/12\\\/maseczki.jpg\",\"contentUrl\":\"https:\\\/\\\/josilq.pl\\\/wp-content\\\/uploads\\\/2020\\\/12\\\/maseczki.jpg\",\"width\":1200,\"height\":800,\"caption\":\"silk mask\"},{\"@type\":\"BreadcrumbList\",\"@id\":\"https:\\\/\\\/josilq.pl\\\/en\\\/produkt\\\/silk-mask\\\/#breadcrumb\",\"itemListElement\":[{\"@type\":\"ListItem\",\"position\":1,\"name\":\"Strona g\u0142\u00f3wna\",\"item\":\"https:\\\/\\\/josilq.pl\\\/en\\\/\"},{\"@type\":\"ListItem\",\"position\":2,\"name\":\"Sklep\",\"item\":\"https:\\\/\\\/josilq.pl\\\/sklep\\\/\"},{\"@type\":\"ListItem\",\"position\":3,\"name\":\"Silk mask\"}]},{\"@type\":\"WebSite\",\"@id\":\"https:\\\/\\\/josilq.pl\\\/#website\",\"url\":\"https:\\\/\\\/josilq.pl\\\/\",\"name\":\"Luksusowe jedwabie JOSILQ\",\"description\":\"Josilq - jedwabna po\u015bciel dla doros\u0142ych i dzieci, ko\u0142dry i poduszki wype\u0142nione jedwabiem, jedwabna bielizna nocna i jedwabne akcesoria. 100% naturalny jedwab morwowy.\",\"publisher\":{\"@id\":\"https:\\\/\\\/josilq.pl\\\/#organization\"},\"potentialAction\":[{\"@type\":\"SearchAction\",\"target\":{\"@type\":\"EntryPoint\",\"urlTemplate\":\"https:\\\/\\\/josilq.pl\\\/?s={search_term_string}\"},\"query-input\":{\"@type\":\"PropertyValueSpecification\",\"valueRequired\":true,\"valueName\":\"search_term_string\"}}],\"inLanguage\":\"en-US\"},{\"@type\":\"Organization\",\"@id\":\"https:\\\/\\\/josilq.pl\\\/#organization\",\"name\":\"JOSILQ\",\"url\":\"https:\\\/\\\/josilq.pl\\\/\",\"logo\":{\"@type\":\"ImageObject\",\"inLanguage\":\"en-US\",\"@id\":\"https:\\\/\\\/josilq.pl\\\/#\\\/schema\\\/logo\\\/image\\\/\",\"url\":\"https:\\\/\\\/josilq.pl\\\/wp-content\\\/uploads\\\/2017\\\/03\\\/logo512.jpg\",\"contentUrl\":\"https:\\\/\\\/josilq.pl\\\/wp-content\\\/uploads\\\/2017\\\/03\\\/logo512.jpg\",\"width\":512,\"height\":512,\"caption\":\"JOSILQ\"},\"image\":{\"@id\":\"https:\\\/\\\/josilq.pl\\\/#\\\/schema\\\/logo\\\/image\\\/\"},\"sameAs\":[\"https:\\\/\\\/www.facebook.com\\\/jedwabjosilq\\\/\",\"https:\\\/\\\/www.instagram.com\\\/josilq.pl\\\/\"]}]}<\/script>\n<meta property=\"og:availability\" content=\"instock\" \/>\n<meta property=\"product:availability\" content=\"instock\" \/>\n<meta property=\"product:condition\" content=\"new\" \/>\n<!-- \/ Yoast SEO Premium plugin. -->","yoast_head_json":{"title":"Silk mask - Jedwab JOSILQ","description":"Double-layer silk reusable protective mask. Made from the highest quality natural mulberry silk.","robots":{"index":"index","follow":"follow","max-snippet":"max-snippet:-1","max-image-preview":"max-image-preview:large","max-video-preview":"max-video-preview:-1"},"canonical":"https:\/\/josilq.pl\/en\/produkt\/silk-mask\/","og_locale":"en_US","og_type":"article","og_title":"Silk mask","og_description":"Double-layer silk reusable protective mask. Made from the highest quality natural mulberry silk.","og_url":"https:\/\/josilq.pl\/en\/produkt\/silk-mask\/","og_site_name":"Jedwab JOSILQ","article_publisher":"https:\/\/www.facebook.com\/jedwabjosilq\/","article_modified_time":"2025-05-06T03:50:06+00:00","og_image":[{"width":1200,"height":800,"url":"https:\/\/josilq.pl\/wp-content\/uploads\/2020\/12\/maseczki.jpg","type":"image\/jpeg"}],"twitter_card":"summary_large_image","twitter_misc":{"Availability":"In stock"},"schema":{"@context":"https:\/\/schema.org","@graph":[{"@type":"WebPage","@id":"https:\/\/josilq.pl\/en\/produkt\/silk-mask\/","url":"https:\/\/josilq.pl\/en\/produkt\/silk-mask\/","name":"Silk mask - Jedwab JOSILQ","isPartOf":{"@id":"https:\/\/josilq.pl\/#website"},"primaryImageOfPage":{"@id":"https:\/\/josilq.pl\/en\/produkt\/silk-mask\/#primaryimage"},"image":{"@id":"https:\/\/josilq.pl\/en\/produkt\/silk-mask\/#primaryimage"},"thumbnailUrl":"https:\/\/josilq.pl\/wp-content\/uploads\/2020\/12\/maseczki.jpg","datePublished":"2020-12-02T13:09:42+00:00","dateModified":"2025-05-06T03:50:06+00:00","description":"Double-layer silk reusable protective mask. Made from the highest quality natural mulberry silk.","breadcrumb":{"@id":"https:\/\/josilq.pl\/en\/produkt\/silk-mask\/#breadcrumb"},"inLanguage":"en-US","potentialAction":[{"@type":"ReadAction","target":["https:\/\/josilq.pl\/en\/produkt\/silk-mask\/"]}]},{"@type":"ImageObject","inLanguage":"en-US","@id":"https:\/\/josilq.pl\/en\/produkt\/silk-mask\/#primaryimage","url":"https:\/\/josilq.pl\/wp-content\/uploads\/2020\/12\/maseczki.jpg","contentUrl":"https:\/\/josilq.pl\/wp-content\/uploads\/2020\/12\/maseczki.jpg","width":1200,"height":800,"caption":"silk mask"},{"@type":"BreadcrumbList","@id":"https:\/\/josilq.pl\/en\/produkt\/silk-mask\/#breadcrumb","itemListElement":[{"@type":"ListItem","position":1,"name":"Strona g\u0142\u00f3wna","item":"https:\/\/josilq.pl\/en\/"},{"@type":"ListItem","position":2,"name":"Sklep","item":"https:\/\/josilq.pl\/sklep\/"},{"@type":"ListItem","position":3,"name":"Silk mask"}]},{"@type":"WebSite","@id":"https:\/\/josilq.pl\/#website","url":"https:\/\/josilq.pl\/","name":"Luksusowe jedwabie JOSILQ","description":"Josilq - jedwabna po\u015bciel dla doros\u0142ych i dzieci, ko\u0142dry i poduszki wype\u0142nione jedwabiem, jedwabna bielizna nocna i jedwabne akcesoria. 100% naturalny jedwab morwowy.","publisher":{"@id":"https:\/\/josilq.pl\/#organization"},"potentialAction":[{"@type":"SearchAction","target":{"@type":"EntryPoint","urlTemplate":"https:\/\/josilq.pl\/?s={search_term_string}"},"query-input":{"@type":"PropertyValueSpecification","valueRequired":true,"valueName":"search_term_string"}}],"inLanguage":"en-US"},{"@type":"Organization","@id":"https:\/\/josilq.pl\/#organization","name":"JOSILQ","url":"https:\/\/josilq.pl\/","logo":{"@type":"ImageObject","inLanguage":"en-US","@id":"https:\/\/josilq.pl\/#\/schema\/logo\/image\/","url":"https:\/\/josilq.pl\/wp-content\/uploads\/2017\/03\/logo512.jpg","contentUrl":"https:\/\/josilq.pl\/wp-content\/uploads\/2017\/03\/logo512.jpg","width":512,"height":512,"caption":"JOSILQ"},"image":{"@id":"https:\/\/josilq.pl\/#\/schema\/logo\/image\/"},"sameAs":["https:\/\/www.facebook.com\/jedwabjosilq\/","https:\/\/www.instagram.com\/josilq.pl\/"]}]},"og_availability":"instock","product_availability":"instock","product_condition":"new"},"_links":{"self":[{"href":"https:\/\/josilq.pl\/en\/wp-json\/wp\/v2\/product\/23608","targetHints":{"allow":["GET"]}}],"collection":[{"href":"https:\/\/josilq.pl\/en\/wp-json\/wp\/v2\/product"}],"about":[{"href":"https:\/\/josilq.pl\/en\/wp-json\/wp\/v2\/types\/product"}],"replies":[{"embeddable":true,"href":"https:\/\/josilq.pl\/en\/wp-json\/wp\/v2\/comments?post=23608"}],"version-history":[{"count":0,"href":"https:\/\/josilq.pl\/en\/wp-json\/wp\/v2\/product\/23608\/revisions"}],"wp:featuredmedia":[{"embeddable":true,"href":"https:\/\/josilq.pl\/en\/wp-json\/wp\/v2\/media\/23245"}],"wp:attachment":[{"href":"https:\/\/josilq.pl\/en\/wp-json\/wp\/v2\/media?parent=23608"}],"wp:term":[{"taxonomy":"product_brand","embeddable":true,"href":"https:\/\/josilq.pl\/en\/wp-json\/wp\/v2\/product_brand?post=23608"},{"taxonomy":"product_cat","embeddable":true,"href":"https:\/\/josilq.pl\/en\/wp-json\/wp\/v2\/product_cat?post=23608"},{"taxonomy":"product_tag","embeddable":true,"href":"https:\/\/josilq.pl\/en\/wp-json\/wp\/v2\/product_tag?post=23608"}],"curies":[{"name":"wp","href":"https:\/\/api.w.org\/{rel}","templated":true}]}}