{"id":23635,"date":"2020-06-08T12:34:35","date_gmt":"2020-06-08T10:34:35","guid":{"rendered":"https:\/\/josilq.pl\/produkt\/oversized-silk-headband-mira\/"},"modified":"2022-10-11T04:18:47","modified_gmt":"2022-10-11T02:18:47","slug":"oversized-silk-headband-mira","status":"publish","type":"product","link":"https:\/\/josilq.pl\/en\/produkt\/oversized-silk-headband-mira\/","title":{"rendered":"Oversized silk headband Mira"},"content":{"rendered":"<h1>SILK HEADBAND MIRA<\/h1>\n<p>OVERSIZE silk headband. Made of a 30 cm wide silk strip.<\/p>\n<p>Tied at the back with two long ribbons.<\/p>\n<p>A soft and extremely delicate headband made of 100% natural mulberry silk.<\/p>\n<p>JOSILQ silk headbands are hand sewn in Poland.<\/p>\n<p>The colors in the photos may differ from the real ones.<\/p>\n<p><strong>SPECIFICATION:<\/strong><\/p>\n<ul>\n<li>Material: 100% pure mulberry silk<\/li>\n<li>Silk weight: 19 momme<\/li>\n<li>Headband made of a 30 cm wide silk strip<\/li>\n<li>Tied with two ribbons, 75 cm long<\/li>\n<\/ul>\n<p>Silk has a very beneficial effect on the health of our skin and hair. Due to its high protein content, direct contact with the silk helps to keep the hair shiny and soft, preventing it from tangling and the formation of bruises.<\/p>\n<p>The Mira silk headband is packed as standard in an elegant black box.<\/p>\n<p>The colors in the photos may differ from the real ones.<\/p>\n<p>All silk products offered by the JOSILQ store have the Oeko-Tex Standard 100 textile safety mark, which is widely recognized in the world.<\/p>\n<p>At the JOSILQ store, it is also worth buying silk hair ties in mini, regular, maxi or with bunny ears.<\/p>\n<p><strong>CARE INSTRUCTIONS FOR A SILK HEADBAND:<\/strong><\/p>\n<ul>\n<li>Wash by hand in lukewarm water, using a very mild detergent, preferably a special detergent for washing silk<\/li>\n<li>Wet silk is best dried in a towel and spread until completely dry<\/li>\n<li>Dry flat<\/li>\n<li>Do not dry over a heater and in the sun<\/li>\n<li>In case of creases, the headband can be ironed with an iron set on silk (very low temperature)<\/li>\n<li>Never use bleach for washing &#8211; silk fiber may melt!<\/li>\n<\/ul>\n","protected":false},"excerpt":{"rendered":"<p>BEAUTIFUL OVERSIZE SILK HEADBAND MIRA<\/p>\n<p><span class=\"JLqJ4b\" data-language-for-alternatives=\"en\" data-language-to-translate-into=\"pl\" data-phrase-index=\"1\"><span class=\"JLqJ4b ChMk0b\" data-language-for-alternatives=\"en\" data-language-to-translate-into=\"pl\" data-phrase-index=\"2\">Extremely soft and gentle on the hair, made of 100% natural mulberry silk. <\/span><\/span><\/p>\n<p><span class=\"JLqJ4b\" data-language-for-alternatives=\"en\" data-language-to-translate-into=\"pl\" data-phrase-index=\"1\"><span class=\"JLqJ4b ChMk0b\" data-language-for-alternatives=\"en\" data-language-to-translate-into=\"pl\" data-phrase-index=\"2\">Tied at the back with two long, 75 cm long silk ribbons. <\/span><\/span><\/p>\n<p><span class=\"JLqJ4b\" data-language-for-alternatives=\"en\" data-language-to-translate-into=\"pl\" data-phrase-index=\"1\"><span class=\"JLqJ4b ChMk0b\" data-language-for-alternatives=\"en\" data-language-to-translate-into=\"pl\" data-phrase-index=\"2\">A silk headband was made of a 30 cm wide silk strip.<\/span><\/span><\/p>\n<p><span class=\"JLqJ4b\" data-language-for-alternatives=\"en\" data-language-to-translate-into=\"pl\" data-phrase-index=\"1\"><span class=\"JLqJ4b ChMk0b\" data-language-for-alternatives=\"en\" data-language-to-translate-into=\"pl\" data-phrase-index=\"2\">JOSILQ silk headbands are hand sewn in Poland. <\/span><\/span><\/p>\n<p><span class=\"JLqJ4b\" data-language-for-alternatives=\"en\" data-language-to-translate-into=\"pl\" data-phrase-index=\"1\"><span class=\"JLqJ4b ChMk0b\" data-language-for-alternatives=\"en\" data-language-to-translate-into=\"pl\" data-phrase-index=\"2\">The silk headband is packed as standard in an elegant black box. <\/span><\/span><\/p>\n<p><span class=\"JLqJ4b\" data-language-for-alternatives=\"en\" data-language-to-translate-into=\"pl\" data-phrase-index=\"1\"><span class=\"JLqJ4b ChMk0b\" data-language-for-alternatives=\"en\" data-language-to-translate-into=\"pl\" data-phrase-index=\"2\">Each headband comes with a black satin pouch, perfect for transport and storage. <\/span><\/span><\/p>\n<p><span class=\"JLqJ4b\" data-language-for-alternatives=\"en\" data-language-to-translate-into=\"pl\" data-phrase-index=\"1\"><span class=\"JLqJ4b ChMk0b\" data-language-for-alternatives=\"en\" data-language-to-translate-into=\"pl\" data-phrase-index=\"2\">The colors in the photos may differ from the real ones.<\/span><\/span><\/p>\n","protected":false},"featured_media":22779,"comment_status":"open","ping_status":"closed","template":"","meta":[],"product_brand":[],"product_cat":[69],"product_tag":[],"class_list":{"0":"post-23635","1":"product","2":"type-product","3":"status-publish","4":"has-post-thumbnail","6":"product_cat-silk-accessories","7":"product_shipping_class-silk-eye-mask","9":"first","10":"instock","11":"shipping-taxable","12":"product-type-variable"},"yoast_head":"<!-- This site is optimized with the Yoast SEO Premium plugin v27.3 (Yoast SEO v27.3) - https:\/\/yoast.com\/product\/yoast-seo-premium-wordpress\/ -->\n<title>MIRA oversized silk headband | JOSILQ silk accessories<\/title>\n<meta name=\"description\" content=\"Beautiful oversize silk headband Mira, tied with two long ribbons. Made of 100% natural mulberry silk.\" \/>\n<meta name=\"robots\" content=\"index, follow, max-snippet:-1, max-image-preview:large, max-video-preview:-1\" \/>\n<link rel=\"canonical\" href=\"https:\/\/josilq.pl\/en\/produkt\/oversized-silk-headband-mira\/\" \/>\n<meta property=\"og:locale\" content=\"en_US\" \/>\n<meta property=\"og:type\" content=\"article\" \/>\n<meta property=\"og:title\" content=\"Oversized silk headband Mira\" \/>\n<meta property=\"og:description\" content=\"Beautiful oversize silk headband Mira, tied with two long ribbons. Made of 100% natural mulberry silk.\" \/>\n<meta property=\"og:url\" content=\"https:\/\/josilq.pl\/en\/produkt\/oversized-silk-headband-mira\/\" \/>\n<meta property=\"og:site_name\" content=\"Jedwab JOSILQ\" \/>\n<meta property=\"article:publisher\" content=\"https:\/\/www.facebook.com\/jedwabjosilq\/\" \/>\n<meta property=\"article:modified_time\" content=\"2022-10-11T02:18:47+00:00\" \/>\n<meta property=\"og:image\" content=\"https:\/\/josilq.pl\/wp-content\/uploads\/2020\/06\/opaska-jedwabna-mira.jpg\" \/>\n\t<meta property=\"og:image:width\" content=\"1200\" \/>\n\t<meta property=\"og:image:height\" content=\"800\" \/>\n\t<meta property=\"og:image:type\" content=\"image\/jpeg\" \/>\n<meta name=\"twitter:card\" content=\"summary_large_image\" \/>\n<meta name=\"twitter:label1\" content=\"Availability\" \/>\n\t<meta name=\"twitter:data1\" content=\"In stock\" \/>\n<script type=\"application\/ld+json\" class=\"yoast-schema-graph\">{\"@context\":\"https:\\\/\\\/schema.org\",\"@graph\":[{\"@type\":\"WebPage\",\"@id\":\"https:\\\/\\\/josilq.pl\\\/en\\\/produkt\\\/oversized-silk-headband-mira\\\/\",\"url\":\"https:\\\/\\\/josilq.pl\\\/en\\\/produkt\\\/oversized-silk-headband-mira\\\/\",\"name\":\"MIRA oversized silk headband | JOSILQ silk accessories\",\"isPartOf\":{\"@id\":\"https:\\\/\\\/josilq.pl\\\/#website\"},\"primaryImageOfPage\":{\"@id\":\"https:\\\/\\\/josilq.pl\\\/en\\\/produkt\\\/oversized-silk-headband-mira\\\/#primaryimage\"},\"image\":{\"@id\":\"https:\\\/\\\/josilq.pl\\\/en\\\/produkt\\\/oversized-silk-headband-mira\\\/#primaryimage\"},\"thumbnailUrl\":\"https:\\\/\\\/josilq.pl\\\/wp-content\\\/uploads\\\/2020\\\/06\\\/opaska-jedwabna-mira.jpg\",\"datePublished\":\"2020-06-08T10:34:35+00:00\",\"dateModified\":\"2022-10-11T02:18:47+00:00\",\"description\":\"Beautiful oversize silk headband Mira, tied with two long ribbons. Made of 100% natural mulberry silk.\",\"breadcrumb\":{\"@id\":\"https:\\\/\\\/josilq.pl\\\/en\\\/produkt\\\/oversized-silk-headband-mira\\\/#breadcrumb\"},\"inLanguage\":\"en-US\",\"potentialAction\":[{\"@type\":\"ReadAction\",\"target\":[\"https:\\\/\\\/josilq.pl\\\/en\\\/produkt\\\/oversized-silk-headband-mira\\\/\"]}]},{\"@type\":\"ImageObject\",\"inLanguage\":\"en-US\",\"@id\":\"https:\\\/\\\/josilq.pl\\\/en\\\/produkt\\\/oversized-silk-headband-mira\\\/#primaryimage\",\"url\":\"https:\\\/\\\/josilq.pl\\\/wp-content\\\/uploads\\\/2020\\\/06\\\/opaska-jedwabna-mira.jpg\",\"contentUrl\":\"https:\\\/\\\/josilq.pl\\\/wp-content\\\/uploads\\\/2020\\\/06\\\/opaska-jedwabna-mira.jpg\",\"width\":1200,\"height\":800,\"caption\":\"jedwabna opaska do w\u0142os\u00f3w mira\"},{\"@type\":\"BreadcrumbList\",\"@id\":\"https:\\\/\\\/josilq.pl\\\/en\\\/produkt\\\/oversized-silk-headband-mira\\\/#breadcrumb\",\"itemListElement\":[{\"@type\":\"ListItem\",\"position\":1,\"name\":\"Strona g\u0142\u00f3wna\",\"item\":\"https:\\\/\\\/josilq.pl\\\/en\\\/\"},{\"@type\":\"ListItem\",\"position\":2,\"name\":\"Sklep\",\"item\":\"https:\\\/\\\/josilq.pl\\\/sklep\\\/\"},{\"@type\":\"ListItem\",\"position\":3,\"name\":\"Oversized silk headband Mira\"}]},{\"@type\":\"WebSite\",\"@id\":\"https:\\\/\\\/josilq.pl\\\/#website\",\"url\":\"https:\\\/\\\/josilq.pl\\\/\",\"name\":\"Luksusowe jedwabie JOSILQ\",\"description\":\"Josilq - jedwabna po\u015bciel dla doros\u0142ych i dzieci, ko\u0142dry i poduszki wype\u0142nione jedwabiem, jedwabna bielizna nocna i jedwabne akcesoria. 100% naturalny jedwab morwowy.\",\"publisher\":{\"@id\":\"https:\\\/\\\/josilq.pl\\\/#organization\"},\"potentialAction\":[{\"@type\":\"SearchAction\",\"target\":{\"@type\":\"EntryPoint\",\"urlTemplate\":\"https:\\\/\\\/josilq.pl\\\/?s={search_term_string}\"},\"query-input\":{\"@type\":\"PropertyValueSpecification\",\"valueRequired\":true,\"valueName\":\"search_term_string\"}}],\"inLanguage\":\"en-US\"},{\"@type\":\"Organization\",\"@id\":\"https:\\\/\\\/josilq.pl\\\/#organization\",\"name\":\"JOSILQ\",\"url\":\"https:\\\/\\\/josilq.pl\\\/\",\"logo\":{\"@type\":\"ImageObject\",\"inLanguage\":\"en-US\",\"@id\":\"https:\\\/\\\/josilq.pl\\\/#\\\/schema\\\/logo\\\/image\\\/\",\"url\":\"https:\\\/\\\/josilq.pl\\\/wp-content\\\/uploads\\\/2017\\\/03\\\/logo512.jpg\",\"contentUrl\":\"https:\\\/\\\/josilq.pl\\\/wp-content\\\/uploads\\\/2017\\\/03\\\/logo512.jpg\",\"width\":512,\"height\":512,\"caption\":\"JOSILQ\"},\"image\":{\"@id\":\"https:\\\/\\\/josilq.pl\\\/#\\\/schema\\\/logo\\\/image\\\/\"},\"sameAs\":[\"https:\\\/\\\/www.facebook.com\\\/jedwabjosilq\\\/\",\"https:\\\/\\\/www.instagram.com\\\/josilq.pl\\\/\"]}]}<\/script>\n<meta property=\"og:availability\" content=\"instock\" \/>\n<meta property=\"product:availability\" content=\"instock\" \/>\n<meta property=\"product:condition\" content=\"new\" \/>\n<!-- \/ Yoast SEO Premium plugin. -->","yoast_head_json":{"title":"MIRA oversized silk headband | JOSILQ silk accessories","description":"Beautiful oversize silk headband Mira, tied with two long ribbons. Made of 100% natural mulberry silk.","robots":{"index":"index","follow":"follow","max-snippet":"max-snippet:-1","max-image-preview":"max-image-preview:large","max-video-preview":"max-video-preview:-1"},"canonical":"https:\/\/josilq.pl\/en\/produkt\/oversized-silk-headband-mira\/","og_locale":"en_US","og_type":"article","og_title":"Oversized silk headband Mira","og_description":"Beautiful oversize silk headband Mira, tied with two long ribbons. Made of 100% natural mulberry silk.","og_url":"https:\/\/josilq.pl\/en\/produkt\/oversized-silk-headband-mira\/","og_site_name":"Jedwab JOSILQ","article_publisher":"https:\/\/www.facebook.com\/jedwabjosilq\/","article_modified_time":"2022-10-11T02:18:47+00:00","og_image":[{"width":1200,"height":800,"url":"https:\/\/josilq.pl\/wp-content\/uploads\/2020\/06\/opaska-jedwabna-mira.jpg","type":"image\/jpeg"}],"twitter_card":"summary_large_image","twitter_misc":{"Availability":"In stock"},"schema":{"@context":"https:\/\/schema.org","@graph":[{"@type":"WebPage","@id":"https:\/\/josilq.pl\/en\/produkt\/oversized-silk-headband-mira\/","url":"https:\/\/josilq.pl\/en\/produkt\/oversized-silk-headband-mira\/","name":"MIRA oversized silk headband | JOSILQ silk accessories","isPartOf":{"@id":"https:\/\/josilq.pl\/#website"},"primaryImageOfPage":{"@id":"https:\/\/josilq.pl\/en\/produkt\/oversized-silk-headband-mira\/#primaryimage"},"image":{"@id":"https:\/\/josilq.pl\/en\/produkt\/oversized-silk-headband-mira\/#primaryimage"},"thumbnailUrl":"https:\/\/josilq.pl\/wp-content\/uploads\/2020\/06\/opaska-jedwabna-mira.jpg","datePublished":"2020-06-08T10:34:35+00:00","dateModified":"2022-10-11T02:18:47+00:00","description":"Beautiful oversize silk headband Mira, tied with two long ribbons. Made of 100% natural mulberry silk.","breadcrumb":{"@id":"https:\/\/josilq.pl\/en\/produkt\/oversized-silk-headband-mira\/#breadcrumb"},"inLanguage":"en-US","potentialAction":[{"@type":"ReadAction","target":["https:\/\/josilq.pl\/en\/produkt\/oversized-silk-headband-mira\/"]}]},{"@type":"ImageObject","inLanguage":"en-US","@id":"https:\/\/josilq.pl\/en\/produkt\/oversized-silk-headband-mira\/#primaryimage","url":"https:\/\/josilq.pl\/wp-content\/uploads\/2020\/06\/opaska-jedwabna-mira.jpg","contentUrl":"https:\/\/josilq.pl\/wp-content\/uploads\/2020\/06\/opaska-jedwabna-mira.jpg","width":1200,"height":800,"caption":"jedwabna opaska do w\u0142os\u00f3w mira"},{"@type":"BreadcrumbList","@id":"https:\/\/josilq.pl\/en\/produkt\/oversized-silk-headband-mira\/#breadcrumb","itemListElement":[{"@type":"ListItem","position":1,"name":"Strona g\u0142\u00f3wna","item":"https:\/\/josilq.pl\/en\/"},{"@type":"ListItem","position":2,"name":"Sklep","item":"https:\/\/josilq.pl\/sklep\/"},{"@type":"ListItem","position":3,"name":"Oversized silk headband Mira"}]},{"@type":"WebSite","@id":"https:\/\/josilq.pl\/#website","url":"https:\/\/josilq.pl\/","name":"Luksusowe jedwabie JOSILQ","description":"Josilq - jedwabna po\u015bciel dla doros\u0142ych i dzieci, ko\u0142dry i poduszki wype\u0142nione jedwabiem, jedwabna bielizna nocna i jedwabne akcesoria. 100% naturalny jedwab morwowy.","publisher":{"@id":"https:\/\/josilq.pl\/#organization"},"potentialAction":[{"@type":"SearchAction","target":{"@type":"EntryPoint","urlTemplate":"https:\/\/josilq.pl\/?s={search_term_string}"},"query-input":{"@type":"PropertyValueSpecification","valueRequired":true,"valueName":"search_term_string"}}],"inLanguage":"en-US"},{"@type":"Organization","@id":"https:\/\/josilq.pl\/#organization","name":"JOSILQ","url":"https:\/\/josilq.pl\/","logo":{"@type":"ImageObject","inLanguage":"en-US","@id":"https:\/\/josilq.pl\/#\/schema\/logo\/image\/","url":"https:\/\/josilq.pl\/wp-content\/uploads\/2017\/03\/logo512.jpg","contentUrl":"https:\/\/josilq.pl\/wp-content\/uploads\/2017\/03\/logo512.jpg","width":512,"height":512,"caption":"JOSILQ"},"image":{"@id":"https:\/\/josilq.pl\/#\/schema\/logo\/image\/"},"sameAs":["https:\/\/www.facebook.com\/jedwabjosilq\/","https:\/\/www.instagram.com\/josilq.pl\/"]}]},"og_availability":"instock","product_availability":"instock","product_condition":"new"},"_links":{"self":[{"href":"https:\/\/josilq.pl\/en\/wp-json\/wp\/v2\/product\/23635","targetHints":{"allow":["GET"]}}],"collection":[{"href":"https:\/\/josilq.pl\/en\/wp-json\/wp\/v2\/product"}],"about":[{"href":"https:\/\/josilq.pl\/en\/wp-json\/wp\/v2\/types\/product"}],"replies":[{"embeddable":true,"href":"https:\/\/josilq.pl\/en\/wp-json\/wp\/v2\/comments?post=23635"}],"version-history":[{"count":0,"href":"https:\/\/josilq.pl\/en\/wp-json\/wp\/v2\/product\/23635\/revisions"}],"wp:featuredmedia":[{"embeddable":true,"href":"https:\/\/josilq.pl\/en\/wp-json\/wp\/v2\/media\/22779"}],"wp:attachment":[{"href":"https:\/\/josilq.pl\/en\/wp-json\/wp\/v2\/media?parent=23635"}],"wp:term":[{"taxonomy":"product_brand","embeddable":true,"href":"https:\/\/josilq.pl\/en\/wp-json\/wp\/v2\/product_brand?post=23635"},{"taxonomy":"product_cat","embeddable":true,"href":"https:\/\/josilq.pl\/en\/wp-json\/wp\/v2\/product_cat?post=23635"},{"taxonomy":"product_tag","embeddable":true,"href":"https:\/\/josilq.pl\/en\/wp-json\/wp\/v2\/product_tag?post=23635"}],"curies":[{"name":"wp","href":"https:\/\/api.w.org\/{rel}","templated":true}]}}