{"id":23638,"date":"2020-06-03T20:45:59","date_gmt":"2020-06-03T18:45:59","guid":{"rendered":"https:\/\/josilq.pl\/produkt\/silk-headband-jeanne\/"},"modified":"2024-03-26T04:40:28","modified_gmt":"2024-03-26T03:40:28","slug":"silk-headband-jeanne","status":"publish","type":"product","link":"https:\/\/josilq.pl\/en\/produkt\/silk-headband-jeanne\/","title":{"rendered":"Silk headband Jeanne"},"content":{"rendered":"<h1>Silk headband Jeanne<\/h1>\n<p>A soft and extremely delicate headband made of 100% natural mulberry silk.<\/p>\n<p>Thanks to the elastic strap, it perfectly supports the hair.<\/p>\n<p>Jeanne&#8217;s silk hairband was sewn from a 20 cm wide silk strip.<\/p>\n<p>ONE SIZE &#8211; after stretching the elastic, the circumference is approx. 62 cm.<\/p>\n<p>JOSILQ silk headbands are hand sewn in Poland.<\/p>\n<p>The colors in the photos may differ from the real ones.<\/p>\n<p><strong>SPECIFICATION:<\/strong><\/p>\n<ul>\n<li>Material: 100% pure mulberry silk<\/li>\n<li>Silk weight: 19 momme<\/li>\n<li>The headband is made of a 20 cm wide silk strip<\/li>\n<li>The circumference of the band after stretching &#8211; 62 cm<\/li>\n<\/ul>\n<p>Silk has a very beneficial effect on the health of our skin and hair. Due to its high protein content, direct contact with the silk helps to keep the hair shiny and soft, preventing it from tangling and the formation of bruises.<\/p>\n<p>The silk band is packed in a black box as standard.<\/p>\n<p>We attach a black satin pouch to each band, perfect for transport and storage.<\/p>\n<p>The colors in the photos may differ from the real ones.<\/p>\n<p>All silk products offered by the JOSILQ store have the Oeko-Tex Standard 100 textile safety mark, which is widely recognized in the world.<\/p>\n<p>At the JOSILQ store, it is also worth buying silk hair ties in mini, regular, maxi or with bunny ears.<\/p>\n<p><strong>CARE INSTRUCTIONS FOR A SILK HEADBAND:<\/strong><\/p>\n<ul>\n<li>Wash by hand in lukewarm water, using a very mild detergent, preferably a special detergent for washing silk<\/li>\n<li>Wet silk is best dried in a towel and spread until completely dry<\/li>\n<li>Dry flat<\/li>\n<li>Do not dry over a heater and in the sun<\/li>\n<li>In case of creases, the headband can be ironed with an iron set on silk (very low temperature)<\/li>\n<li>Never use bleach for washing \u2013 silk fiber may melt!<\/li>\n<\/ul>\n","protected":false},"excerpt":{"rendered":"<p>Beautiful Jeanne silk headband with an elegant binding at the front.<span class=\"JLqJ4b\" data-language-for-alternatives=\"en\" data-language-to-translate-into=\"pl\" data-phrase-index=\"1\"> <span class=\"JLqJ4b ChMk0b\" data-language-for-alternatives=\"en\" data-language-to-translate-into=\"pl\" data-phrase-index=\"2\">Made of 100% natural mulberry silk. <\/span><\/span><\/p>\n<p><span class=\"JLqJ4b\" data-language-for-alternatives=\"en\" data-language-to-translate-into=\"pl\" data-phrase-index=\"1\"><span class=\"JLqJ4b ChMk0b\" data-language-for-alternatives=\"en\" data-language-to-translate-into=\"pl\" data-phrase-index=\"2\">Extremely soft and delicate, thanks to the elastic strap, it supports the hair perfectly. <\/span><\/span><\/p>\n<p><span class=\"JLqJ4b\" data-language-for-alternatives=\"en\" data-language-to-translate-into=\"pl\" data-phrase-index=\"1\"><span class=\"JLqJ4b ChMk0b\" data-language-for-alternatives=\"en\" data-language-to-translate-into=\"pl\" data-phrase-index=\"2\">Made of a 20 cm wide silk strip. <\/span><\/span><\/p>\n<p><span class=\"JLqJ4b\" data-language-for-alternatives=\"en\" data-language-to-translate-into=\"pl\" data-phrase-index=\"1\"><span class=\"JLqJ4b ChMk0b\" data-language-for-alternatives=\"en\" data-language-to-translate-into=\"pl\" data-phrase-index=\"2\">ONE SIZE &#8211; 62 cm circumference after stretching the elastic. <\/span><\/span><\/p>\n<p><span class=\"JLqJ4b\" data-language-for-alternatives=\"en\" data-language-to-translate-into=\"pl\" data-phrase-index=\"1\"><span class=\"JLqJ4b ChMk0b\" data-language-for-alternatives=\"en\" data-language-to-translate-into=\"pl\" data-phrase-index=\"2\">JOSILQ silk hair bands are hand sewn in Poland. <\/span><\/span><\/p>\n<p><span class=\"JLqJ4b\" data-language-for-alternatives=\"en\" data-language-to-translate-into=\"pl\" data-phrase-index=\"1\"><span class=\"JLqJ4b ChMk0b\" data-language-for-alternatives=\"en\" data-language-to-translate-into=\"pl\" data-phrase-index=\"2\">The silk band is packed in a black box as standard. <\/span><\/span><\/p>\n<p><span class=\"JLqJ4b\" data-language-for-alternatives=\"en\" data-language-to-translate-into=\"pl\" data-phrase-index=\"1\"><span class=\"JLqJ4b ChMk0b\" data-language-for-alternatives=\"en\" data-language-to-translate-into=\"pl\" data-phrase-index=\"2\">Each headband comes with a black satin pouch, perfect for transport and storage. <\/span><\/span><\/p>\n<p><span class=\"JLqJ4b\" data-language-for-alternatives=\"en\" data-language-to-translate-into=\"pl\" data-phrase-index=\"1\"><span class=\"JLqJ4b ChMk0b\" data-language-for-alternatives=\"en\" data-language-to-translate-into=\"pl\" data-phrase-index=\"2\">The colors in the photos may differ from the real ones.<\/span><\/span><\/p>\n","protected":false},"featured_media":22496,"comment_status":"open","ping_status":"closed","template":"","meta":[],"product_brand":[],"product_cat":[69],"product_tag":[],"class_list":{"0":"post-23638","1":"product","2":"type-product","3":"status-publish","4":"has-post-thumbnail","6":"product_cat-silk-accessories","7":"product_shipping_class-silk-eye-mask","9":"first","10":"instock","11":"shipping-taxable","12":"product-type-variable"},"yoast_head":"<!-- This site is optimized with the Yoast SEO Premium plugin v27.3 (Yoast SEO v27.4) - https:\/\/yoast.com\/product\/yoast-seo-premium-wordpress\/ -->\n<title>Silk headband Jeanne | JOSILQ silk accessories<\/title>\n<meta name=\"description\" content=\"Jeanne silk headband with an elegant binding at the front. Extremely delicate, made of 100% natural mulberry silk.\" \/>\n<meta name=\"robots\" content=\"index, follow, max-snippet:-1, max-image-preview:large, max-video-preview:-1\" \/>\n<link rel=\"canonical\" href=\"https:\/\/josilq.pl\/en\/produkt\/silk-headband-jeanne\/\" \/>\n<meta property=\"og:locale\" content=\"en_US\" \/>\n<meta property=\"og:type\" content=\"article\" \/>\n<meta property=\"og:title\" content=\"Silk headband Jeanne\" \/>\n<meta property=\"og:description\" content=\"Jeanne silk headband with an elegant binding at the front. Extremely delicate, made of 100% natural mulberry silk.\" \/>\n<meta property=\"og:url\" content=\"https:\/\/josilq.pl\/en\/produkt\/silk-headband-jeanne\/\" \/>\n<meta property=\"og:site_name\" content=\"Jedwab JOSILQ\" \/>\n<meta property=\"article:publisher\" content=\"https:\/\/www.facebook.com\/jedwabjosilq\/\" \/>\n<meta property=\"article:modified_time\" content=\"2024-03-26T03:40:28+00:00\" \/>\n<meta property=\"og:image\" content=\"https:\/\/josilq.pl\/wp-content\/uploads\/2020\/06\/opaska-jeanne.jpg\" \/>\n\t<meta property=\"og:image:width\" content=\"1200\" \/>\n\t<meta property=\"og:image:height\" content=\"800\" \/>\n\t<meta property=\"og:image:type\" content=\"image\/jpeg\" \/>\n<meta name=\"twitter:card\" content=\"summary_large_image\" \/>\n<meta name=\"twitter:label1\" content=\"Availability\" \/>\n\t<meta name=\"twitter:data1\" content=\"In stock\" \/>\n<script type=\"application\/ld+json\" class=\"yoast-schema-graph\">{\"@context\":\"https:\\\/\\\/schema.org\",\"@graph\":[{\"@type\":\"WebPage\",\"@id\":\"https:\\\/\\\/josilq.pl\\\/en\\\/produkt\\\/silk-headband-jeanne\\\/\",\"url\":\"https:\\\/\\\/josilq.pl\\\/en\\\/produkt\\\/silk-headband-jeanne\\\/\",\"name\":\"Silk headband Jeanne | JOSILQ silk accessories\",\"isPartOf\":{\"@id\":\"https:\\\/\\\/josilq.pl\\\/#website\"},\"primaryImageOfPage\":{\"@id\":\"https:\\\/\\\/josilq.pl\\\/en\\\/produkt\\\/silk-headband-jeanne\\\/#primaryimage\"},\"image\":{\"@id\":\"https:\\\/\\\/josilq.pl\\\/en\\\/produkt\\\/silk-headband-jeanne\\\/#primaryimage\"},\"thumbnailUrl\":\"https:\\\/\\\/josilq.pl\\\/wp-content\\\/uploads\\\/2020\\\/06\\\/opaska-jeanne.jpg\",\"datePublished\":\"2020-06-03T18:45:59+00:00\",\"dateModified\":\"2024-03-26T03:40:28+00:00\",\"description\":\"Jeanne silk headband with an elegant binding at the front. Extremely delicate, made of 100% natural mulberry silk.\",\"breadcrumb\":{\"@id\":\"https:\\\/\\\/josilq.pl\\\/en\\\/produkt\\\/silk-headband-jeanne\\\/#breadcrumb\"},\"inLanguage\":\"en-US\",\"potentialAction\":[{\"@type\":\"ReadAction\",\"target\":[\"https:\\\/\\\/josilq.pl\\\/en\\\/produkt\\\/silk-headband-jeanne\\\/\"]}]},{\"@type\":\"ImageObject\",\"inLanguage\":\"en-US\",\"@id\":\"https:\\\/\\\/josilq.pl\\\/en\\\/produkt\\\/silk-headband-jeanne\\\/#primaryimage\",\"url\":\"https:\\\/\\\/josilq.pl\\\/wp-content\\\/uploads\\\/2020\\\/06\\\/opaska-jeanne.jpg\",\"contentUrl\":\"https:\\\/\\\/josilq.pl\\\/wp-content\\\/uploads\\\/2020\\\/06\\\/opaska-jeanne.jpg\",\"width\":1200,\"height\":800,\"caption\":\"jedwabna opaska na w\u0142osy Jeanne czarna\"},{\"@type\":\"BreadcrumbList\",\"@id\":\"https:\\\/\\\/josilq.pl\\\/en\\\/produkt\\\/silk-headband-jeanne\\\/#breadcrumb\",\"itemListElement\":[{\"@type\":\"ListItem\",\"position\":1,\"name\":\"Strona g\u0142\u00f3wna\",\"item\":\"https:\\\/\\\/josilq.pl\\\/en\\\/\"},{\"@type\":\"ListItem\",\"position\":2,\"name\":\"Sklep\",\"item\":\"https:\\\/\\\/josilq.pl\\\/sklep\\\/\"},{\"@type\":\"ListItem\",\"position\":3,\"name\":\"Silk headband Jeanne\"}]},{\"@type\":\"WebSite\",\"@id\":\"https:\\\/\\\/josilq.pl\\\/#website\",\"url\":\"https:\\\/\\\/josilq.pl\\\/\",\"name\":\"Luksusowe jedwabie JOSILQ\",\"description\":\"Josilq - jedwabna po\u015bciel dla doros\u0142ych i dzieci, ko\u0142dry i poduszki wype\u0142nione jedwabiem, jedwabna bielizna nocna i jedwabne akcesoria. 100% naturalny jedwab morwowy.\",\"publisher\":{\"@id\":\"https:\\\/\\\/josilq.pl\\\/#organization\"},\"potentialAction\":[{\"@type\":\"SearchAction\",\"target\":{\"@type\":\"EntryPoint\",\"urlTemplate\":\"https:\\\/\\\/josilq.pl\\\/?s={search_term_string}\"},\"query-input\":{\"@type\":\"PropertyValueSpecification\",\"valueRequired\":true,\"valueName\":\"search_term_string\"}}],\"inLanguage\":\"en-US\"},{\"@type\":\"Organization\",\"@id\":\"https:\\\/\\\/josilq.pl\\\/#organization\",\"name\":\"JOSILQ\",\"url\":\"https:\\\/\\\/josilq.pl\\\/\",\"logo\":{\"@type\":\"ImageObject\",\"inLanguage\":\"en-US\",\"@id\":\"https:\\\/\\\/josilq.pl\\\/#\\\/schema\\\/logo\\\/image\\\/\",\"url\":\"https:\\\/\\\/josilq.pl\\\/wp-content\\\/uploads\\\/2017\\\/03\\\/logo512.jpg\",\"contentUrl\":\"https:\\\/\\\/josilq.pl\\\/wp-content\\\/uploads\\\/2017\\\/03\\\/logo512.jpg\",\"width\":512,\"height\":512,\"caption\":\"JOSILQ\"},\"image\":{\"@id\":\"https:\\\/\\\/josilq.pl\\\/#\\\/schema\\\/logo\\\/image\\\/\"},\"sameAs\":[\"https:\\\/\\\/www.facebook.com\\\/jedwabjosilq\\\/\",\"https:\\\/\\\/www.instagram.com\\\/josilq.pl\\\/\"]}]}<\/script>\n<meta property=\"og:availability\" content=\"instock\" \/>\n<meta property=\"product:availability\" content=\"instock\" \/>\n<meta property=\"product:condition\" content=\"new\" \/>\n<!-- \/ Yoast SEO Premium plugin. -->","yoast_head_json":{"title":"Silk headband Jeanne | JOSILQ silk accessories","description":"Jeanne silk headband with an elegant binding at the front. Extremely delicate, made of 100% natural mulberry silk.","robots":{"index":"index","follow":"follow","max-snippet":"max-snippet:-1","max-image-preview":"max-image-preview:large","max-video-preview":"max-video-preview:-1"},"canonical":"https:\/\/josilq.pl\/en\/produkt\/silk-headband-jeanne\/","og_locale":"en_US","og_type":"article","og_title":"Silk headband Jeanne","og_description":"Jeanne silk headband with an elegant binding at the front. Extremely delicate, made of 100% natural mulberry silk.","og_url":"https:\/\/josilq.pl\/en\/produkt\/silk-headband-jeanne\/","og_site_name":"Jedwab JOSILQ","article_publisher":"https:\/\/www.facebook.com\/jedwabjosilq\/","article_modified_time":"2024-03-26T03:40:28+00:00","og_image":[{"width":1200,"height":800,"url":"https:\/\/josilq.pl\/wp-content\/uploads\/2020\/06\/opaska-jeanne.jpg","type":"image\/jpeg"}],"twitter_card":"summary_large_image","twitter_misc":{"Availability":"In stock"},"schema":{"@context":"https:\/\/schema.org","@graph":[{"@type":"WebPage","@id":"https:\/\/josilq.pl\/en\/produkt\/silk-headband-jeanne\/","url":"https:\/\/josilq.pl\/en\/produkt\/silk-headband-jeanne\/","name":"Silk headband Jeanne | JOSILQ silk accessories","isPartOf":{"@id":"https:\/\/josilq.pl\/#website"},"primaryImageOfPage":{"@id":"https:\/\/josilq.pl\/en\/produkt\/silk-headband-jeanne\/#primaryimage"},"image":{"@id":"https:\/\/josilq.pl\/en\/produkt\/silk-headband-jeanne\/#primaryimage"},"thumbnailUrl":"https:\/\/josilq.pl\/wp-content\/uploads\/2020\/06\/opaska-jeanne.jpg","datePublished":"2020-06-03T18:45:59+00:00","dateModified":"2024-03-26T03:40:28+00:00","description":"Jeanne silk headband with an elegant binding at the front. Extremely delicate, made of 100% natural mulberry silk.","breadcrumb":{"@id":"https:\/\/josilq.pl\/en\/produkt\/silk-headband-jeanne\/#breadcrumb"},"inLanguage":"en-US","potentialAction":[{"@type":"ReadAction","target":["https:\/\/josilq.pl\/en\/produkt\/silk-headband-jeanne\/"]}]},{"@type":"ImageObject","inLanguage":"en-US","@id":"https:\/\/josilq.pl\/en\/produkt\/silk-headband-jeanne\/#primaryimage","url":"https:\/\/josilq.pl\/wp-content\/uploads\/2020\/06\/opaska-jeanne.jpg","contentUrl":"https:\/\/josilq.pl\/wp-content\/uploads\/2020\/06\/opaska-jeanne.jpg","width":1200,"height":800,"caption":"jedwabna opaska na w\u0142osy Jeanne czarna"},{"@type":"BreadcrumbList","@id":"https:\/\/josilq.pl\/en\/produkt\/silk-headband-jeanne\/#breadcrumb","itemListElement":[{"@type":"ListItem","position":1,"name":"Strona g\u0142\u00f3wna","item":"https:\/\/josilq.pl\/en\/"},{"@type":"ListItem","position":2,"name":"Sklep","item":"https:\/\/josilq.pl\/sklep\/"},{"@type":"ListItem","position":3,"name":"Silk headband Jeanne"}]},{"@type":"WebSite","@id":"https:\/\/josilq.pl\/#website","url":"https:\/\/josilq.pl\/","name":"Luksusowe jedwabie JOSILQ","description":"Josilq - jedwabna po\u015bciel dla doros\u0142ych i dzieci, ko\u0142dry i poduszki wype\u0142nione jedwabiem, jedwabna bielizna nocna i jedwabne akcesoria. 100% naturalny jedwab morwowy.","publisher":{"@id":"https:\/\/josilq.pl\/#organization"},"potentialAction":[{"@type":"SearchAction","target":{"@type":"EntryPoint","urlTemplate":"https:\/\/josilq.pl\/?s={search_term_string}"},"query-input":{"@type":"PropertyValueSpecification","valueRequired":true,"valueName":"search_term_string"}}],"inLanguage":"en-US"},{"@type":"Organization","@id":"https:\/\/josilq.pl\/#organization","name":"JOSILQ","url":"https:\/\/josilq.pl\/","logo":{"@type":"ImageObject","inLanguage":"en-US","@id":"https:\/\/josilq.pl\/#\/schema\/logo\/image\/","url":"https:\/\/josilq.pl\/wp-content\/uploads\/2017\/03\/logo512.jpg","contentUrl":"https:\/\/josilq.pl\/wp-content\/uploads\/2017\/03\/logo512.jpg","width":512,"height":512,"caption":"JOSILQ"},"image":{"@id":"https:\/\/josilq.pl\/#\/schema\/logo\/image\/"},"sameAs":["https:\/\/www.facebook.com\/jedwabjosilq\/","https:\/\/www.instagram.com\/josilq.pl\/"]}]},"og_availability":"instock","product_availability":"instock","product_condition":"new"},"_links":{"self":[{"href":"https:\/\/josilq.pl\/en\/wp-json\/wp\/v2\/product\/23638","targetHints":{"allow":["GET"]}}],"collection":[{"href":"https:\/\/josilq.pl\/en\/wp-json\/wp\/v2\/product"}],"about":[{"href":"https:\/\/josilq.pl\/en\/wp-json\/wp\/v2\/types\/product"}],"replies":[{"embeddable":true,"href":"https:\/\/josilq.pl\/en\/wp-json\/wp\/v2\/comments?post=23638"}],"version-history":[{"count":0,"href":"https:\/\/josilq.pl\/en\/wp-json\/wp\/v2\/product\/23638\/revisions"}],"wp:featuredmedia":[{"embeddable":true,"href":"https:\/\/josilq.pl\/en\/wp-json\/wp\/v2\/media\/22496"}],"wp:attachment":[{"href":"https:\/\/josilq.pl\/en\/wp-json\/wp\/v2\/media?parent=23638"}],"wp:term":[{"taxonomy":"product_brand","embeddable":true,"href":"https:\/\/josilq.pl\/en\/wp-json\/wp\/v2\/product_brand?post=23638"},{"taxonomy":"product_cat","embeddable":true,"href":"https:\/\/josilq.pl\/en\/wp-json\/wp\/v2\/product_cat?post=23638"},{"taxonomy":"product_tag","embeddable":true,"href":"https:\/\/josilq.pl\/en\/wp-json\/wp\/v2\/product_tag?post=23638"}],"curies":[{"name":"wp","href":"https:\/\/api.w.org\/{rel}","templated":true}]}}