{"id":23644,"date":"2019-10-15T14:25:48","date_gmt":"2019-10-15T12:25:48","guid":{"rendered":"https:\/\/josilq.pl\/produkt\/mini-scrunchie\/"},"modified":"2023-12-18T20:57:35","modified_gmt":"2023-12-18T19:57:35","slug":"mini-scrunchie","status":"publish","type":"product","link":"https:\/\/josilq.pl\/en\/produkt\/mini-scrunchie\/","title":{"rendered":"MINI SCRUNCHIE"},"content":{"rendered":"<h1>MINI SCRUNCHIE<\/h1>\n<p>The elegant silk mini scrunchie holds your hair tightly and helps keep it in order both day and night.<\/p>\n<p>Extremely delicate &#8211; the silk scrunchie does not damage the hair, does not tear it out or tangle it.<\/p>\n<p>We pack our silk scrunchies in black satin pouches that protect against dust, and also facilitate storage and transport.<\/p>\n<p>Every scrunchie is sewn by hand in Poland. We take care of every detail to meet your expectations.<\/p>\n<p><strong>SPECIFICATION:<\/strong><\/p>\n<ul>\n<li>Material: 100% pure mulberry silk<\/li>\n<li>Silk weight: 19 momme<\/li>\n<li>Made with a 4\/5 cm wide silk strip<\/li>\n<\/ul>\n<p>Silk has a very beneficial effect on the health of our skin and hair. Due to its high protein content, direct contact with the silk helps to keep the hair shiny and soft, preventing it from tangling and the formation of bruises.<\/p>\n<p>All silk products offered by the JOSILQ store have the Oeko-Tex Standard 100 textile safety mark, which is widely recognized in the world.<\/p>\n<p><strong>CARE INSTRUCTIONS:<\/strong><\/p>\n<ul>\n<li>Wash by hand in lukewarm water, using a very mild detergent, preferably a special detergent for washing silk<\/li>\n<li>Wet silk is best dried in a towel and spread until completely dry<\/li>\n<li>Dry flat<\/li>\n<li>Do not dry over a heater and in the sun<\/li>\n<li>Never use bleach for washing &#8211; silk fiber may melt!<\/li>\n<\/ul>\n<p>&nbsp;<\/p>\n","protected":false},"excerpt":{"rendered":"<p>MINI SCRUNCHIES made of 100% natural mulberry silk.<\/p>\n<p>The elegant silk mini scrunchie holds your hair tightly and helps keep it in order both day and night.<\/p>\n<p>Extremely delicate &#8211; the silk scrunchie does not damage the hair, does not tear it out or tangle it.<\/p>\n<p>We pack our silk scrunchies in black satin pouches that protect against dust, and also facilitate storage and transport.<\/p>\n<p>Every scrunchie is sewn by hand in Poland. We take care of every detail to meet your expectations.<\/p>\n<p>The colors in the photos may differ from the real ones.<\/p>\n<p>All silk products offered by the JOSILQ store have the internationally recognized Oeko-Tex Standard 100 textile safety mark.<\/p>\n","protected":false},"featured_media":8998,"comment_status":"open","ping_status":"closed","template":"","meta":[],"product_brand":[],"product_cat":[69],"product_tag":[],"class_list":{"0":"post-23644","1":"product","2":"type-product","3":"status-publish","4":"has-post-thumbnail","6":"product_cat-silk-accessories","7":"product_shipping_class-silk-eye-mask","9":"first","10":"instock","11":"sale","12":"shipping-taxable","13":"purchasable","14":"product-type-variable"},"yoast_head":"<!-- This site is optimized with the Yoast SEO Premium plugin v27.3 (Yoast SEO v27.3) - https:\/\/yoast.com\/product\/yoast-seo-premium-wordpress\/ -->\n<title>MINI SILK SCRUNCHIE | JOSILQ SILK ACCESSORIES<\/title>\n<meta name=\"description\" content=\"MINI SCRUNCHIES made of 100% natural mulberry silk. The elegant silk mini scrunchie holds your hair tightly and helps keep it in order both day and night.\" \/>\n<meta name=\"robots\" content=\"index, follow, max-snippet:-1, max-image-preview:large, max-video-preview:-1\" \/>\n<link rel=\"canonical\" href=\"https:\/\/josilq.pl\/en\/produkt\/mini-scrunchie\/\" \/>\n<meta property=\"og:locale\" content=\"en_US\" \/>\n<meta property=\"og:type\" content=\"article\" \/>\n<meta property=\"og:title\" content=\"MINI SCRUNCHIE\" \/>\n<meta property=\"og:description\" content=\"MINI SCRUNCHIES made of 100% natural mulberry silk. The elegant silk mini scrunchie holds your hair tightly and helps keep it in order both day and night.\" \/>\n<meta property=\"og:url\" content=\"https:\/\/josilq.pl\/en\/produkt\/mini-scrunchie\/\" \/>\n<meta property=\"og:site_name\" content=\"Jedwab JOSILQ\" \/>\n<meta property=\"article:publisher\" content=\"https:\/\/www.facebook.com\/jedwabjosilq\/\" \/>\n<meta property=\"article:modified_time\" content=\"2023-12-18T19:57:35+00:00\" \/>\n<meta property=\"og:image\" content=\"https:\/\/josilq.pl\/wp-content\/uploads\/2019\/10\/gumki-mini.jpg\" \/>\n\t<meta property=\"og:image:width\" content=\"1200\" \/>\n\t<meta property=\"og:image:height\" content=\"800\" \/>\n\t<meta property=\"og:image:type\" content=\"image\/jpeg\" \/>\n<meta name=\"twitter:card\" content=\"summary_large_image\" \/>\n<meta name=\"twitter:label1\" content=\"Availability\" \/>\n\t<meta name=\"twitter:data1\" content=\"In stock\" \/>\n<script type=\"application\/ld+json\" class=\"yoast-schema-graph\">{\"@context\":\"https:\\\/\\\/schema.org\",\"@graph\":[{\"@type\":\"WebPage\",\"@id\":\"https:\\\/\\\/josilq.pl\\\/en\\\/produkt\\\/mini-scrunchie\\\/\",\"url\":\"https:\\\/\\\/josilq.pl\\\/en\\\/produkt\\\/mini-scrunchie\\\/\",\"name\":\"MINI SILK SCRUNCHIE | JOSILQ SILK ACCESSORIES\",\"isPartOf\":{\"@id\":\"https:\\\/\\\/josilq.pl\\\/#website\"},\"primaryImageOfPage\":{\"@id\":\"https:\\\/\\\/josilq.pl\\\/en\\\/produkt\\\/mini-scrunchie\\\/#primaryimage\"},\"image\":{\"@id\":\"https:\\\/\\\/josilq.pl\\\/en\\\/produkt\\\/mini-scrunchie\\\/#primaryimage\"},\"thumbnailUrl\":\"https:\\\/\\\/josilq.pl\\\/wp-content\\\/uploads\\\/2019\\\/10\\\/gumki-mini.jpg\",\"datePublished\":\"2019-10-15T12:25:48+00:00\",\"dateModified\":\"2023-12-18T19:57:35+00:00\",\"description\":\"MINI SCRUNCHIES made of 100% natural mulberry silk. The elegant silk mini scrunchie holds your hair tightly and helps keep it in order both day and night.\",\"breadcrumb\":{\"@id\":\"https:\\\/\\\/josilq.pl\\\/en\\\/produkt\\\/mini-scrunchie\\\/#breadcrumb\"},\"inLanguage\":\"en-US\",\"potentialAction\":[{\"@type\":\"ReadAction\",\"target\":[\"https:\\\/\\\/josilq.pl\\\/en\\\/produkt\\\/mini-scrunchie\\\/\"]}]},{\"@type\":\"ImageObject\",\"inLanguage\":\"en-US\",\"@id\":\"https:\\\/\\\/josilq.pl\\\/en\\\/produkt\\\/mini-scrunchie\\\/#primaryimage\",\"url\":\"https:\\\/\\\/josilq.pl\\\/wp-content\\\/uploads\\\/2019\\\/10\\\/gumki-mini.jpg\",\"contentUrl\":\"https:\\\/\\\/josilq.pl\\\/wp-content\\\/uploads\\\/2019\\\/10\\\/gumki-mini.jpg\",\"width\":1200,\"height\":800,\"caption\":\"jedwabne gumki do w\u0142os\u00f3w mini\"},{\"@type\":\"BreadcrumbList\",\"@id\":\"https:\\\/\\\/josilq.pl\\\/en\\\/produkt\\\/mini-scrunchie\\\/#breadcrumb\",\"itemListElement\":[{\"@type\":\"ListItem\",\"position\":1,\"name\":\"Strona g\u0142\u00f3wna\",\"item\":\"https:\\\/\\\/josilq.pl\\\/en\\\/\"},{\"@type\":\"ListItem\",\"position\":2,\"name\":\"Sklep\",\"item\":\"https:\\\/\\\/josilq.pl\\\/sklep\\\/\"},{\"@type\":\"ListItem\",\"position\":3,\"name\":\"MINI SCRUNCHIE\"}]},{\"@type\":\"WebSite\",\"@id\":\"https:\\\/\\\/josilq.pl\\\/#website\",\"url\":\"https:\\\/\\\/josilq.pl\\\/\",\"name\":\"Luksusowe jedwabie JOSILQ\",\"description\":\"Josilq - jedwabna po\u015bciel dla doros\u0142ych i dzieci, ko\u0142dry i poduszki wype\u0142nione jedwabiem, jedwabna bielizna nocna i jedwabne akcesoria. 100% naturalny jedwab morwowy.\",\"publisher\":{\"@id\":\"https:\\\/\\\/josilq.pl\\\/#organization\"},\"potentialAction\":[{\"@type\":\"SearchAction\",\"target\":{\"@type\":\"EntryPoint\",\"urlTemplate\":\"https:\\\/\\\/josilq.pl\\\/?s={search_term_string}\"},\"query-input\":{\"@type\":\"PropertyValueSpecification\",\"valueRequired\":true,\"valueName\":\"search_term_string\"}}],\"inLanguage\":\"en-US\"},{\"@type\":\"Organization\",\"@id\":\"https:\\\/\\\/josilq.pl\\\/#organization\",\"name\":\"JOSILQ\",\"url\":\"https:\\\/\\\/josilq.pl\\\/\",\"logo\":{\"@type\":\"ImageObject\",\"inLanguage\":\"en-US\",\"@id\":\"https:\\\/\\\/josilq.pl\\\/#\\\/schema\\\/logo\\\/image\\\/\",\"url\":\"https:\\\/\\\/josilq.pl\\\/wp-content\\\/uploads\\\/2017\\\/03\\\/logo512.jpg\",\"contentUrl\":\"https:\\\/\\\/josilq.pl\\\/wp-content\\\/uploads\\\/2017\\\/03\\\/logo512.jpg\",\"width\":512,\"height\":512,\"caption\":\"JOSILQ\"},\"image\":{\"@id\":\"https:\\\/\\\/josilq.pl\\\/#\\\/schema\\\/logo\\\/image\\\/\"},\"sameAs\":[\"https:\\\/\\\/www.facebook.com\\\/jedwabjosilq\\\/\",\"https:\\\/\\\/www.instagram.com\\\/josilq.pl\\\/\"]}]}<\/script>\n<meta property=\"og:availability\" content=\"instock\" \/>\n<meta property=\"product:availability\" content=\"instock\" \/>\n<meta property=\"product:condition\" content=\"new\" \/>\n<!-- \/ Yoast SEO Premium plugin. -->","yoast_head_json":{"title":"MINI SILK SCRUNCHIE | JOSILQ SILK ACCESSORIES","description":"MINI SCRUNCHIES made of 100% natural mulberry silk. The elegant silk mini scrunchie holds your hair tightly and helps keep it in order both day and night.","robots":{"index":"index","follow":"follow","max-snippet":"max-snippet:-1","max-image-preview":"max-image-preview:large","max-video-preview":"max-video-preview:-1"},"canonical":"https:\/\/josilq.pl\/en\/produkt\/mini-scrunchie\/","og_locale":"en_US","og_type":"article","og_title":"MINI SCRUNCHIE","og_description":"MINI SCRUNCHIES made of 100% natural mulberry silk. The elegant silk mini scrunchie holds your hair tightly and helps keep it in order both day and night.","og_url":"https:\/\/josilq.pl\/en\/produkt\/mini-scrunchie\/","og_site_name":"Jedwab JOSILQ","article_publisher":"https:\/\/www.facebook.com\/jedwabjosilq\/","article_modified_time":"2023-12-18T19:57:35+00:00","og_image":[{"width":1200,"height":800,"url":"https:\/\/josilq.pl\/wp-content\/uploads\/2019\/10\/gumki-mini.jpg","type":"image\/jpeg"}],"twitter_card":"summary_large_image","twitter_misc":{"Availability":"In stock"},"schema":{"@context":"https:\/\/schema.org","@graph":[{"@type":"WebPage","@id":"https:\/\/josilq.pl\/en\/produkt\/mini-scrunchie\/","url":"https:\/\/josilq.pl\/en\/produkt\/mini-scrunchie\/","name":"MINI SILK SCRUNCHIE | JOSILQ SILK ACCESSORIES","isPartOf":{"@id":"https:\/\/josilq.pl\/#website"},"primaryImageOfPage":{"@id":"https:\/\/josilq.pl\/en\/produkt\/mini-scrunchie\/#primaryimage"},"image":{"@id":"https:\/\/josilq.pl\/en\/produkt\/mini-scrunchie\/#primaryimage"},"thumbnailUrl":"https:\/\/josilq.pl\/wp-content\/uploads\/2019\/10\/gumki-mini.jpg","datePublished":"2019-10-15T12:25:48+00:00","dateModified":"2023-12-18T19:57:35+00:00","description":"MINI SCRUNCHIES made of 100% natural mulberry silk. The elegant silk mini scrunchie holds your hair tightly and helps keep it in order both day and night.","breadcrumb":{"@id":"https:\/\/josilq.pl\/en\/produkt\/mini-scrunchie\/#breadcrumb"},"inLanguage":"en-US","potentialAction":[{"@type":"ReadAction","target":["https:\/\/josilq.pl\/en\/produkt\/mini-scrunchie\/"]}]},{"@type":"ImageObject","inLanguage":"en-US","@id":"https:\/\/josilq.pl\/en\/produkt\/mini-scrunchie\/#primaryimage","url":"https:\/\/josilq.pl\/wp-content\/uploads\/2019\/10\/gumki-mini.jpg","contentUrl":"https:\/\/josilq.pl\/wp-content\/uploads\/2019\/10\/gumki-mini.jpg","width":1200,"height":800,"caption":"jedwabne gumki do w\u0142os\u00f3w mini"},{"@type":"BreadcrumbList","@id":"https:\/\/josilq.pl\/en\/produkt\/mini-scrunchie\/#breadcrumb","itemListElement":[{"@type":"ListItem","position":1,"name":"Strona g\u0142\u00f3wna","item":"https:\/\/josilq.pl\/en\/"},{"@type":"ListItem","position":2,"name":"Sklep","item":"https:\/\/josilq.pl\/sklep\/"},{"@type":"ListItem","position":3,"name":"MINI SCRUNCHIE"}]},{"@type":"WebSite","@id":"https:\/\/josilq.pl\/#website","url":"https:\/\/josilq.pl\/","name":"Luksusowe jedwabie JOSILQ","description":"Josilq - jedwabna po\u015bciel dla doros\u0142ych i dzieci, ko\u0142dry i poduszki wype\u0142nione jedwabiem, jedwabna bielizna nocna i jedwabne akcesoria. 100% naturalny jedwab morwowy.","publisher":{"@id":"https:\/\/josilq.pl\/#organization"},"potentialAction":[{"@type":"SearchAction","target":{"@type":"EntryPoint","urlTemplate":"https:\/\/josilq.pl\/?s={search_term_string}"},"query-input":{"@type":"PropertyValueSpecification","valueRequired":true,"valueName":"search_term_string"}}],"inLanguage":"en-US"},{"@type":"Organization","@id":"https:\/\/josilq.pl\/#organization","name":"JOSILQ","url":"https:\/\/josilq.pl\/","logo":{"@type":"ImageObject","inLanguage":"en-US","@id":"https:\/\/josilq.pl\/#\/schema\/logo\/image\/","url":"https:\/\/josilq.pl\/wp-content\/uploads\/2017\/03\/logo512.jpg","contentUrl":"https:\/\/josilq.pl\/wp-content\/uploads\/2017\/03\/logo512.jpg","width":512,"height":512,"caption":"JOSILQ"},"image":{"@id":"https:\/\/josilq.pl\/#\/schema\/logo\/image\/"},"sameAs":["https:\/\/www.facebook.com\/jedwabjosilq\/","https:\/\/www.instagram.com\/josilq.pl\/"]}]},"og_availability":"instock","product_availability":"instock","product_condition":"new"},"_links":{"self":[{"href":"https:\/\/josilq.pl\/en\/wp-json\/wp\/v2\/product\/23644","targetHints":{"allow":["GET"]}}],"collection":[{"href":"https:\/\/josilq.pl\/en\/wp-json\/wp\/v2\/product"}],"about":[{"href":"https:\/\/josilq.pl\/en\/wp-json\/wp\/v2\/types\/product"}],"replies":[{"embeddable":true,"href":"https:\/\/josilq.pl\/en\/wp-json\/wp\/v2\/comments?post=23644"}],"version-history":[{"count":0,"href":"https:\/\/josilq.pl\/en\/wp-json\/wp\/v2\/product\/23644\/revisions"}],"wp:featuredmedia":[{"embeddable":true,"href":"https:\/\/josilq.pl\/en\/wp-json\/wp\/v2\/media\/8998"}],"wp:attachment":[{"href":"https:\/\/josilq.pl\/en\/wp-json\/wp\/v2\/media?parent=23644"}],"wp:term":[{"taxonomy":"product_brand","embeddable":true,"href":"https:\/\/josilq.pl\/en\/wp-json\/wp\/v2\/product_brand?post=23644"},{"taxonomy":"product_cat","embeddable":true,"href":"https:\/\/josilq.pl\/en\/wp-json\/wp\/v2\/product_cat?post=23644"},{"taxonomy":"product_tag","embeddable":true,"href":"https:\/\/josilq.pl\/en\/wp-json\/wp\/v2\/product_tag?post=23644"}],"curies":[{"name":"wp","href":"https:\/\/api.w.org\/{rel}","templated":true}]}}