{"id":23677,"date":"2015-12-22T15:12:28","date_gmt":"2015-12-22T14:12:28","guid":{"rendered":"https:\/\/josilq.pl\/produkt\/silk-filled-pillows\/"},"modified":"2023-12-18T19:46:06","modified_gmt":"2023-12-18T18:46:06","slug":"silk-filled-pillows","status":"publish","type":"product","link":"https:\/\/josilq.pl\/en\/produkt\/silk-filled-pillows\/","title":{"rendered":"Silk filled pillows"},"content":{"rendered":"<p><strong>SILK FILLED PILLOWS<\/strong><\/p>\n<p>Light and delicate JOSILQ silk pillows will meet the expectations of even the most demanding.<\/p>\n<p>The pillows are filled with pure silkworm cocoon fiber, which gives an unusual feeling of bliss and comfort during sleep. Beautiful, elegant and perfectly made pillows will be a great gift for you and your loved ones.<\/p>\n<p><strong>Details: <\/strong><\/p>\n<ul>\n<li>Filling: 100% mulberry silk fiber, without any polyester lining<\/li>\n<li>Cover: high-quality cotton satin 300 TC<\/li>\n<\/ul>\n<p><strong>Available sizes: <\/strong><\/p>\n<ul>\n<li>40 x 40 cm, the weight of the silk filling &#8211; 0.6 kg<\/li>\n<li>50 x 60 cm, weight of the silk filling &#8211; 1 kg<\/li>\n<li>50 x 70 cm, the weight of the silk filling &#8211; 1.3 kg<\/li>\n<li>70 x 80 cm, weight of the silk filling &#8211; 1.7 kg<\/li>\n<\/ul>\n<p>You can buy silk pillowcases for all sizes of pillows with silk filling.<\/p>\n<p>We pack the pillows in a durable bag, perfect for storage.<\/p>\n<p>All silk products offered by the JOSILQ store have the Oeko-Tex Standard 100 textile safety mark, which is widely recognized in the world.<\/p>\n<p>JOSILQ silk filled pillows are backed by a full money-back guarantee if you change your mind.<\/p>\n<p><strong>CARE INSTRUCTIONS FOR SILK FILLED PILLOWS:<\/strong><\/p>\n<ul>\n<li>Always use a pillowcase to protect the pillow or duvet from dirt and stains<\/li>\n<li>Ventilate bedding every 3 months in the open air for 2 to a maximum of 3 hours<\/li>\n<li>The silk fiber does not absorb moisture or odors, so there is no need to wash the pillow or duvet to refresh it.<\/li>\n<li>Pillows with silk filling should not be used in conditions where frequent washing is necessary.<\/li>\n<li>Only wash the pillow when absolutely necessary.<\/li>\n<\/ul>\n<p><strong>If a pillow with silk filling requires cleaning, please proceed as follows:<\/strong><\/p>\n<ul>\n<li>Isolate only the dirty area<\/li>\n<li>Hand wash in cold or lukewarm water, use a very delicate detergent, preferably a special detergent for washing silk (wool washing agents are not recommended)<\/li>\n<li>Do not use bleach or strong detergents<\/li>\n<li>Rinse thoroughly and squeeze out any remaining water by pressing both sides together<\/li>\n<li>Don&#8217;t wring out<\/li>\n<li>Dry flat<\/li>\n<li>Do not dry over heaters, do not iron<\/li>\n<li>Do not shake the pillow or duvet too hard when wet as this may displace the hand-laid silk fibers<\/li>\n<li>Never dry-clean silk filled bedding &#8211; chemicals can damage silk!<\/li>\n<\/ul>\n","protected":false},"excerpt":{"rendered":"<p><strong>Luxurious JOSILQ pillows filled with 100% natural silk mulberry silk fiber.<\/strong><\/p>\n<p>&nbsp;<\/p>\n<p>The pillows are covered with high-quality 300 TC cotton satin, which protects the silk and helps to keep it in good condition and extends its service life.<\/p>\n<p>Natural silk fibers absorb moisture and perfectly regulate body temperature, ensuring exceptional sleep comfort.<\/p>\n<p>&nbsp;<\/p>\n<p>The pillow is worth buying not only for aesthetic reasons, but also for health reasons &#8211; silk fiber is naturally hypoallergenic, resistant to dust mites and mold, so it is perfect for people suffering from asthma, all kinds of allergies and other respiratory disorders. <span data-language-for-alternatives=\"en\" data-language-to-translate-into=\"pl\" data-phrase-index=\"7\">It is also recommended for people with high blood pressure and arthritis.<\/span><\/p>\n<p>&nbsp;<\/p>\n<p>All silk products offered by the JOSILQ store have the internationally recognized Oeko-Tex Standard 100 textile safety mark.<\/p>\n","protected":false},"featured_media":8755,"comment_status":"open","ping_status":"closed","template":"","meta":[],"product_brand":[],"product_cat":[71],"product_tag":[],"class_list":{"0":"post-23677","1":"product","2":"type-product","3":"status-publish","4":"has-post-thumbnail","6":"product_cat-silk-filled-duvets-pillows","7":"product_shipping_class-pillows-duvet-blankets","9":"first","10":"instock","11":"shipping-taxable","12":"product-type-variable"},"yoast_head":"<!-- This site is optimized with the Yoast SEO Premium plugin v27.3 (Yoast SEO v27.3) - https:\/\/yoast.com\/product\/yoast-seo-premium-wordpress\/ -->\n<title>Silk filled pillows | JOSILQ Luxurious silk bedding<\/title>\n<meta name=\"description\" content=\"Silk filled pillows. Hypoallergenic. 100% natural silk filling.\" \/>\n<meta name=\"robots\" content=\"index, follow, max-snippet:-1, max-image-preview:large, max-video-preview:-1\" \/>\n<link rel=\"canonical\" href=\"https:\/\/josilq.pl\/en\/produkt\/silk-filled-pillows\/\" \/>\n<meta property=\"og:locale\" content=\"en_US\" \/>\n<meta property=\"og:type\" content=\"article\" \/>\n<meta property=\"og:title\" content=\"Silk filled pillows\" \/>\n<meta property=\"og:description\" content=\"Silk filled pillows. Hypoallergenic. 100% natural silk filling.\" \/>\n<meta property=\"og:url\" content=\"https:\/\/josilq.pl\/en\/produkt\/silk-filled-pillows\/\" \/>\n<meta property=\"og:site_name\" content=\"Jedwab JOSILQ\" \/>\n<meta property=\"article:publisher\" content=\"https:\/\/www.facebook.com\/jedwabjosilq\/\" \/>\n<meta property=\"article:modified_time\" content=\"2023-12-18T18:46:06+00:00\" \/>\n<meta property=\"og:image\" content=\"https:\/\/josilq.pl\/wp-content\/uploads\/2015\/12\/IMG_4765.jpg\" \/>\n\t<meta property=\"og:image:width\" content=\"1200\" \/>\n\t<meta property=\"og:image:height\" content=\"800\" \/>\n\t<meta property=\"og:image:type\" content=\"image\/jpeg\" \/>\n<meta name=\"twitter:card\" content=\"summary_large_image\" \/>\n<meta name=\"twitter:label1\" content=\"Availability\" \/>\n\t<meta name=\"twitter:data1\" content=\"In stock\" \/>\n<script type=\"application\/ld+json\" class=\"yoast-schema-graph\">{\"@context\":\"https:\\\/\\\/schema.org\",\"@graph\":[{\"@type\":\"WebPage\",\"@id\":\"https:\\\/\\\/josilq.pl\\\/en\\\/produkt\\\/silk-filled-pillows\\\/\",\"url\":\"https:\\\/\\\/josilq.pl\\\/en\\\/produkt\\\/silk-filled-pillows\\\/\",\"name\":\"Silk filled pillows | JOSILQ Luxurious silk bedding\",\"isPartOf\":{\"@id\":\"https:\\\/\\\/josilq.pl\\\/#website\"},\"primaryImageOfPage\":{\"@id\":\"https:\\\/\\\/josilq.pl\\\/en\\\/produkt\\\/silk-filled-pillows\\\/#primaryimage\"},\"image\":{\"@id\":\"https:\\\/\\\/josilq.pl\\\/en\\\/produkt\\\/silk-filled-pillows\\\/#primaryimage\"},\"thumbnailUrl\":\"https:\\\/\\\/josilq.pl\\\/wp-content\\\/uploads\\\/2015\\\/12\\\/IMG_4765.jpg\",\"datePublished\":\"2015-12-22T14:12:28+00:00\",\"dateModified\":\"2023-12-18T18:46:06+00:00\",\"description\":\"Silk filled pillows. Hypoallergenic. 100% natural silk filling.\",\"breadcrumb\":{\"@id\":\"https:\\\/\\\/josilq.pl\\\/en\\\/produkt\\\/silk-filled-pillows\\\/#breadcrumb\"},\"inLanguage\":\"en-US\",\"potentialAction\":[{\"@type\":\"ReadAction\",\"target\":[\"https:\\\/\\\/josilq.pl\\\/en\\\/produkt\\\/silk-filled-pillows\\\/\"]}]},{\"@type\":\"ImageObject\",\"inLanguage\":\"en-US\",\"@id\":\"https:\\\/\\\/josilq.pl\\\/en\\\/produkt\\\/silk-filled-pillows\\\/#primaryimage\",\"url\":\"https:\\\/\\\/josilq.pl\\\/wp-content\\\/uploads\\\/2015\\\/12\\\/IMG_4765.jpg\",\"contentUrl\":\"https:\\\/\\\/josilq.pl\\\/wp-content\\\/uploads\\\/2015\\\/12\\\/IMG_4765.jpg\",\"width\":1200,\"height\":800},{\"@type\":\"BreadcrumbList\",\"@id\":\"https:\\\/\\\/josilq.pl\\\/en\\\/produkt\\\/silk-filled-pillows\\\/#breadcrumb\",\"itemListElement\":[{\"@type\":\"ListItem\",\"position\":1,\"name\":\"Strona g\u0142\u00f3wna\",\"item\":\"https:\\\/\\\/josilq.pl\\\/en\\\/\"},{\"@type\":\"ListItem\",\"position\":2,\"name\":\"Sklep\",\"item\":\"https:\\\/\\\/josilq.pl\\\/sklep\\\/\"},{\"@type\":\"ListItem\",\"position\":3,\"name\":\"Silk filled pillows\"}]},{\"@type\":\"WebSite\",\"@id\":\"https:\\\/\\\/josilq.pl\\\/#website\",\"url\":\"https:\\\/\\\/josilq.pl\\\/\",\"name\":\"Luksusowe jedwabie JOSILQ\",\"description\":\"Josilq - jedwabna po\u015bciel dla doros\u0142ych i dzieci, ko\u0142dry i poduszki wype\u0142nione jedwabiem, jedwabna bielizna nocna i jedwabne akcesoria. 100% naturalny jedwab morwowy.\",\"publisher\":{\"@id\":\"https:\\\/\\\/josilq.pl\\\/#organization\"},\"potentialAction\":[{\"@type\":\"SearchAction\",\"target\":{\"@type\":\"EntryPoint\",\"urlTemplate\":\"https:\\\/\\\/josilq.pl\\\/?s={search_term_string}\"},\"query-input\":{\"@type\":\"PropertyValueSpecification\",\"valueRequired\":true,\"valueName\":\"search_term_string\"}}],\"inLanguage\":\"en-US\"},{\"@type\":\"Organization\",\"@id\":\"https:\\\/\\\/josilq.pl\\\/#organization\",\"name\":\"JOSILQ\",\"url\":\"https:\\\/\\\/josilq.pl\\\/\",\"logo\":{\"@type\":\"ImageObject\",\"inLanguage\":\"en-US\",\"@id\":\"https:\\\/\\\/josilq.pl\\\/#\\\/schema\\\/logo\\\/image\\\/\",\"url\":\"https:\\\/\\\/josilq.pl\\\/wp-content\\\/uploads\\\/2017\\\/03\\\/logo512.jpg\",\"contentUrl\":\"https:\\\/\\\/josilq.pl\\\/wp-content\\\/uploads\\\/2017\\\/03\\\/logo512.jpg\",\"width\":512,\"height\":512,\"caption\":\"JOSILQ\"},\"image\":{\"@id\":\"https:\\\/\\\/josilq.pl\\\/#\\\/schema\\\/logo\\\/image\\\/\"},\"sameAs\":[\"https:\\\/\\\/www.facebook.com\\\/jedwabjosilq\\\/\",\"https:\\\/\\\/www.instagram.com\\\/josilq.pl\\\/\"]}]}<\/script>\n<meta property=\"og:availability\" content=\"instock\" \/>\n<meta property=\"product:availability\" content=\"instock\" \/>\n<meta property=\"product:condition\" content=\"new\" \/>\n<!-- \/ Yoast SEO Premium plugin. -->","yoast_head_json":{"title":"Silk filled pillows | JOSILQ Luxurious silk bedding","description":"Silk filled pillows. Hypoallergenic. 100% natural silk filling.","robots":{"index":"index","follow":"follow","max-snippet":"max-snippet:-1","max-image-preview":"max-image-preview:large","max-video-preview":"max-video-preview:-1"},"canonical":"https:\/\/josilq.pl\/en\/produkt\/silk-filled-pillows\/","og_locale":"en_US","og_type":"article","og_title":"Silk filled pillows","og_description":"Silk filled pillows. Hypoallergenic. 100% natural silk filling.","og_url":"https:\/\/josilq.pl\/en\/produkt\/silk-filled-pillows\/","og_site_name":"Jedwab JOSILQ","article_publisher":"https:\/\/www.facebook.com\/jedwabjosilq\/","article_modified_time":"2023-12-18T18:46:06+00:00","og_image":[{"width":1200,"height":800,"url":"https:\/\/josilq.pl\/wp-content\/uploads\/2015\/12\/IMG_4765.jpg","type":"image\/jpeg"}],"twitter_card":"summary_large_image","twitter_misc":{"Availability":"In stock"},"schema":{"@context":"https:\/\/schema.org","@graph":[{"@type":"WebPage","@id":"https:\/\/josilq.pl\/en\/produkt\/silk-filled-pillows\/","url":"https:\/\/josilq.pl\/en\/produkt\/silk-filled-pillows\/","name":"Silk filled pillows | JOSILQ Luxurious silk bedding","isPartOf":{"@id":"https:\/\/josilq.pl\/#website"},"primaryImageOfPage":{"@id":"https:\/\/josilq.pl\/en\/produkt\/silk-filled-pillows\/#primaryimage"},"image":{"@id":"https:\/\/josilq.pl\/en\/produkt\/silk-filled-pillows\/#primaryimage"},"thumbnailUrl":"https:\/\/josilq.pl\/wp-content\/uploads\/2015\/12\/IMG_4765.jpg","datePublished":"2015-12-22T14:12:28+00:00","dateModified":"2023-12-18T18:46:06+00:00","description":"Silk filled pillows. Hypoallergenic. 100% natural silk filling.","breadcrumb":{"@id":"https:\/\/josilq.pl\/en\/produkt\/silk-filled-pillows\/#breadcrumb"},"inLanguage":"en-US","potentialAction":[{"@type":"ReadAction","target":["https:\/\/josilq.pl\/en\/produkt\/silk-filled-pillows\/"]}]},{"@type":"ImageObject","inLanguage":"en-US","@id":"https:\/\/josilq.pl\/en\/produkt\/silk-filled-pillows\/#primaryimage","url":"https:\/\/josilq.pl\/wp-content\/uploads\/2015\/12\/IMG_4765.jpg","contentUrl":"https:\/\/josilq.pl\/wp-content\/uploads\/2015\/12\/IMG_4765.jpg","width":1200,"height":800},{"@type":"BreadcrumbList","@id":"https:\/\/josilq.pl\/en\/produkt\/silk-filled-pillows\/#breadcrumb","itemListElement":[{"@type":"ListItem","position":1,"name":"Strona g\u0142\u00f3wna","item":"https:\/\/josilq.pl\/en\/"},{"@type":"ListItem","position":2,"name":"Sklep","item":"https:\/\/josilq.pl\/sklep\/"},{"@type":"ListItem","position":3,"name":"Silk filled pillows"}]},{"@type":"WebSite","@id":"https:\/\/josilq.pl\/#website","url":"https:\/\/josilq.pl\/","name":"Luksusowe jedwabie JOSILQ","description":"Josilq - jedwabna po\u015bciel dla doros\u0142ych i dzieci, ko\u0142dry i poduszki wype\u0142nione jedwabiem, jedwabna bielizna nocna i jedwabne akcesoria. 100% naturalny jedwab morwowy.","publisher":{"@id":"https:\/\/josilq.pl\/#organization"},"potentialAction":[{"@type":"SearchAction","target":{"@type":"EntryPoint","urlTemplate":"https:\/\/josilq.pl\/?s={search_term_string}"},"query-input":{"@type":"PropertyValueSpecification","valueRequired":true,"valueName":"search_term_string"}}],"inLanguage":"en-US"},{"@type":"Organization","@id":"https:\/\/josilq.pl\/#organization","name":"JOSILQ","url":"https:\/\/josilq.pl\/","logo":{"@type":"ImageObject","inLanguage":"en-US","@id":"https:\/\/josilq.pl\/#\/schema\/logo\/image\/","url":"https:\/\/josilq.pl\/wp-content\/uploads\/2017\/03\/logo512.jpg","contentUrl":"https:\/\/josilq.pl\/wp-content\/uploads\/2017\/03\/logo512.jpg","width":512,"height":512,"caption":"JOSILQ"},"image":{"@id":"https:\/\/josilq.pl\/#\/schema\/logo\/image\/"},"sameAs":["https:\/\/www.facebook.com\/jedwabjosilq\/","https:\/\/www.instagram.com\/josilq.pl\/"]}]},"og_availability":"instock","product_availability":"instock","product_condition":"new"},"_links":{"self":[{"href":"https:\/\/josilq.pl\/en\/wp-json\/wp\/v2\/product\/23677","targetHints":{"allow":["GET"]}}],"collection":[{"href":"https:\/\/josilq.pl\/en\/wp-json\/wp\/v2\/product"}],"about":[{"href":"https:\/\/josilq.pl\/en\/wp-json\/wp\/v2\/types\/product"}],"replies":[{"embeddable":true,"href":"https:\/\/josilq.pl\/en\/wp-json\/wp\/v2\/comments?post=23677"}],"version-history":[{"count":0,"href":"https:\/\/josilq.pl\/en\/wp-json\/wp\/v2\/product\/23677\/revisions"}],"wp:featuredmedia":[{"embeddable":true,"href":"https:\/\/josilq.pl\/en\/wp-json\/wp\/v2\/media\/8755"}],"wp:attachment":[{"href":"https:\/\/josilq.pl\/en\/wp-json\/wp\/v2\/media?parent=23677"}],"wp:term":[{"taxonomy":"product_brand","embeddable":true,"href":"https:\/\/josilq.pl\/en\/wp-json\/wp\/v2\/product_brand?post=23677"},{"taxonomy":"product_cat","embeddable":true,"href":"https:\/\/josilq.pl\/en\/wp-json\/wp\/v2\/product_cat?post=23677"},{"taxonomy":"product_tag","embeddable":true,"href":"https:\/\/josilq.pl\/en\/wp-json\/wp\/v2\/product_tag?post=23677"}],"curies":[{"name":"wp","href":"https:\/\/api.w.org\/{rel}","templated":true}]}}