{"id":9027,"date":"2016-01-30T14:38:44","date_gmt":"2016-01-30T13:38:44","guid":{"rendered":"https:\/\/josilq.pl\/produkt\/spiworki\/"},"modified":"2025-09-12T22:15:45","modified_gmt":"2025-09-12T20:15:45","slug":"silk-filled-baby-sleeping-bags","status":"publish","type":"product","link":"https:\/\/josilq.pl\/en\/produkt\/silk-filled-baby-sleeping-bags\/","title":{"rendered":"Silk filled baby sleeping bags"},"content":{"rendered":"<p><strong>JOSILQ SILK FILLED BABY SLEEPING BAGS<\/strong><\/p>\n<p>Perfect for babies with allergies or asthma.<\/p>\n<p>The sleeping bag is filled with 100% natural mulberry silk and covered with high quality 250 TC cotton damask.<\/p>\n<p>The sleeping bag is very spacious and allows your child to move freely, while protecting it from uncovering.<\/p>\n<p>It is cozy and soft. Prevents oxygen deficiency. It is air-conditioned but at the same time provides warmth. Thanks to the natural &#8220;breathability&#8221;, silk protects your child from overheating. The body is kept at the right temperature &#8211; the child is neither too warm nor too cold.<\/p>\n<p>A side zip allows easy access to the baby and changing diapers.<\/p>\n<p><strong>JOSILQ silk filled baby sleeping bags\u00a0are available in two sizes:<\/strong><\/p>\n<ol>\n<li><strong>50&#215;70 cm (0-6 months)<\/strong><\/li>\n<li><strong>50&#215;100 cm (6-36 months)<\/strong><\/li>\n<\/ol>\n<p>For older children we recommend <strong>silk filled quilts<\/strong>, also available in two sizes &#8211; <strong>110&#215;125 cm<\/strong> and <strong>140&#215;200 cm<\/strong>.<\/p>\n","protected":false},"excerpt":{"rendered":"<p><strong>JOSILQ SILK FILLED BABY SLEEPING BAGS<\/strong><\/p>\n<p>Perfect for babies with <strong>allergies<\/strong> or <strong>asthma<\/strong>.<\/p>\n<p>The sleeping bag is filled with <strong>100% natural mulberry silk<\/strong> and covered with high quality 250 TC cotton damask.<\/p>\n<p>The sleeping bag is very spacious and allows your child to move freely, while protecting it from uncovering.<\/p>\n<p>It is cozy and soft. Prevents oxygen deficiency. It is air-conditioned but at the same time provides warmth. Thanks to the natural &#8220;breathability&#8221;, silk protects your child from overheating. The body is kept at the right temperature &#8211; the child is neither too warm nor too cold.<\/p>\n<p>A side zip allows easy access to the baby and changing diapers.<\/p>\n<p><strong>JOSILQ silk filled baby sleeping bags\u00a0are available in two sizes:<\/strong><\/p>\n<ol>\n<li><strong>50&#215;70 cm (0-6 months)<\/strong><\/li>\n<li><strong>50&#215;100 cm (6-36 months)<\/strong><\/li>\n<\/ol>\n<p>For older children we recommend <strong>silk filled quilts<\/strong>, also available in two sizes &#8211; <strong>110&#215;125 cm<\/strong> and <strong>140&#215;200 cm<\/strong>.<\/p>\n","protected":false},"featured_media":8803,"comment_status":"open","ping_status":"closed","template":"","meta":[],"product_brand":[],"product_cat":[65],"product_tag":[],"class_list":{"0":"post-9027","1":"product","2":"type-product","3":"status-publish","4":"has-post-thumbnail","6":"product_cat-silk-bedding-for-children","7":"product_shipping_class-spiworki-en","9":"first","10":"outofstock","11":"shipping-taxable","12":"product-type-variable"},"yoast_head":"<!-- This site is optimized with the Yoast SEO Premium plugin v27.3 (Yoast SEO v27.3) - https:\/\/yoast.com\/product\/yoast-seo-premium-wordpress\/ -->\n<title>Silk filled baby sleeping bags | JOSILQ 100% PURE MULBERRY SILK<\/title>\n<meta name=\"description\" content=\"Silk filled baby sleeping bags. Perfect for babies with allergies or asthma. The sleeping bag is filled with 100% natural mulberry silk.\" \/>\n<meta name=\"robots\" content=\"index, follow, max-snippet:-1, max-image-preview:large, max-video-preview:-1\" \/>\n<link rel=\"canonical\" href=\"https:\/\/josilq.pl\/en\/produkt\/silk-filled-baby-sleeping-bags\/\" \/>\n<meta property=\"og:locale\" content=\"en_US\" \/>\n<meta property=\"og:type\" content=\"article\" \/>\n<meta property=\"og:title\" content=\"Silk filled baby sleeping bags\" \/>\n<meta property=\"og:description\" content=\"Silk filled baby sleeping bags. Perfect for babies with allergies or asthma. The sleeping bag is filled with 100% natural mulberry silk.\" \/>\n<meta property=\"og:url\" content=\"https:\/\/josilq.pl\/en\/produkt\/silk-filled-baby-sleeping-bags\/\" \/>\n<meta property=\"og:site_name\" content=\"Jedwab JOSILQ\" \/>\n<meta property=\"article:publisher\" content=\"https:\/\/www.facebook.com\/jedwabjosilq\/\" \/>\n<meta property=\"article:modified_time\" content=\"2025-09-12T20:15:45+00:00\" \/>\n<meta property=\"og:image\" content=\"https:\/\/josilq.pl\/wp-content\/uploads\/2016\/01\/wladzio2.jpg\" \/>\n\t<meta property=\"og:image:width\" content=\"1200\" \/>\n\t<meta property=\"og:image:height\" content=\"800\" \/>\n\t<meta property=\"og:image:type\" content=\"image\/jpeg\" \/>\n<meta name=\"twitter:card\" content=\"summary_large_image\" \/>\n<meta name=\"twitter:label1\" content=\"Availability\" \/>\n\t<meta name=\"twitter:data1\" content=\"Out of stock\" \/>\n<script type=\"application\/ld+json\" class=\"yoast-schema-graph\">{\"@context\":\"https:\\\/\\\/schema.org\",\"@graph\":[{\"@type\":\"WebPage\",\"@id\":\"https:\\\/\\\/josilq.pl\\\/en\\\/produkt\\\/silk-filled-baby-sleeping-bags\\\/\",\"url\":\"https:\\\/\\\/josilq.pl\\\/en\\\/produkt\\\/silk-filled-baby-sleeping-bags\\\/\",\"name\":\"Silk filled baby sleeping bags | JOSILQ 100% PURE MULBERRY SILK\",\"isPartOf\":{\"@id\":\"https:\\\/\\\/josilq.pl\\\/#website\"},\"primaryImageOfPage\":{\"@id\":\"https:\\\/\\\/josilq.pl\\\/en\\\/produkt\\\/silk-filled-baby-sleeping-bags\\\/#primaryimage\"},\"image\":{\"@id\":\"https:\\\/\\\/josilq.pl\\\/en\\\/produkt\\\/silk-filled-baby-sleeping-bags\\\/#primaryimage\"},\"thumbnailUrl\":\"https:\\\/\\\/josilq.pl\\\/wp-content\\\/uploads\\\/2016\\\/01\\\/wladzio2.jpg\",\"datePublished\":\"2016-01-30T13:38:44+00:00\",\"dateModified\":\"2025-09-12T20:15:45+00:00\",\"description\":\"Silk filled baby sleeping bags. Perfect for babies with allergies or asthma. The sleeping bag is filled with 100% natural mulberry silk.\",\"breadcrumb\":{\"@id\":\"https:\\\/\\\/josilq.pl\\\/en\\\/produkt\\\/silk-filled-baby-sleeping-bags\\\/#breadcrumb\"},\"inLanguage\":\"en-US\",\"potentialAction\":[{\"@type\":\"ReadAction\",\"target\":[\"https:\\\/\\\/josilq.pl\\\/en\\\/produkt\\\/silk-filled-baby-sleeping-bags\\\/\"]}]},{\"@type\":\"ImageObject\",\"inLanguage\":\"en-US\",\"@id\":\"https:\\\/\\\/josilq.pl\\\/en\\\/produkt\\\/silk-filled-baby-sleeping-bags\\\/#primaryimage\",\"url\":\"https:\\\/\\\/josilq.pl\\\/wp-content\\\/uploads\\\/2016\\\/01\\\/wladzio2.jpg\",\"contentUrl\":\"https:\\\/\\\/josilq.pl\\\/wp-content\\\/uploads\\\/2016\\\/01\\\/wladzio2.jpg\",\"width\":1200,\"height\":800,\"caption\":\"Silk filled baby sleeping bags\"},{\"@type\":\"BreadcrumbList\",\"@id\":\"https:\\\/\\\/josilq.pl\\\/en\\\/produkt\\\/silk-filled-baby-sleeping-bags\\\/#breadcrumb\",\"itemListElement\":[{\"@type\":\"ListItem\",\"position\":1,\"name\":\"Strona g\u0142\u00f3wna\",\"item\":\"https:\\\/\\\/josilq.pl\\\/en\\\/\"},{\"@type\":\"ListItem\",\"position\":2,\"name\":\"Sklep\",\"item\":\"https:\\\/\\\/josilq.pl\\\/sklep\\\/\"},{\"@type\":\"ListItem\",\"position\":3,\"name\":\"Silk filled baby sleeping bags\"}]},{\"@type\":\"WebSite\",\"@id\":\"https:\\\/\\\/josilq.pl\\\/#website\",\"url\":\"https:\\\/\\\/josilq.pl\\\/\",\"name\":\"Luksusowe jedwabie JOSILQ\",\"description\":\"Josilq - jedwabna po\u015bciel dla doros\u0142ych i dzieci, ko\u0142dry i poduszki wype\u0142nione jedwabiem, jedwabna bielizna nocna i jedwabne akcesoria. 100% naturalny jedwab morwowy.\",\"publisher\":{\"@id\":\"https:\\\/\\\/josilq.pl\\\/#organization\"},\"potentialAction\":[{\"@type\":\"SearchAction\",\"target\":{\"@type\":\"EntryPoint\",\"urlTemplate\":\"https:\\\/\\\/josilq.pl\\\/?s={search_term_string}\"},\"query-input\":{\"@type\":\"PropertyValueSpecification\",\"valueRequired\":true,\"valueName\":\"search_term_string\"}}],\"inLanguage\":\"en-US\"},{\"@type\":\"Organization\",\"@id\":\"https:\\\/\\\/josilq.pl\\\/#organization\",\"name\":\"JOSILQ\",\"url\":\"https:\\\/\\\/josilq.pl\\\/\",\"logo\":{\"@type\":\"ImageObject\",\"inLanguage\":\"en-US\",\"@id\":\"https:\\\/\\\/josilq.pl\\\/#\\\/schema\\\/logo\\\/image\\\/\",\"url\":\"https:\\\/\\\/josilq.pl\\\/wp-content\\\/uploads\\\/2017\\\/03\\\/logo512.jpg\",\"contentUrl\":\"https:\\\/\\\/josilq.pl\\\/wp-content\\\/uploads\\\/2017\\\/03\\\/logo512.jpg\",\"width\":512,\"height\":512,\"caption\":\"JOSILQ\"},\"image\":{\"@id\":\"https:\\\/\\\/josilq.pl\\\/#\\\/schema\\\/logo\\\/image\\\/\"},\"sameAs\":[\"https:\\\/\\\/www.facebook.com\\\/jedwabjosilq\\\/\",\"https:\\\/\\\/www.instagram.com\\\/josilq.pl\\\/\"]}]}<\/script>\n<meta property=\"og:availability\" content=\"out of stock\" \/>\n<meta property=\"product:availability\" content=\"out of stock\" \/>\n<meta property=\"product:condition\" content=\"new\" \/>\n<!-- \/ Yoast SEO Premium plugin. -->","yoast_head_json":{"title":"Silk filled baby sleeping bags | JOSILQ 100% PURE MULBERRY SILK","description":"Silk filled baby sleeping bags. Perfect for babies with allergies or asthma. The sleeping bag is filled with 100% natural mulberry silk.","robots":{"index":"index","follow":"follow","max-snippet":"max-snippet:-1","max-image-preview":"max-image-preview:large","max-video-preview":"max-video-preview:-1"},"canonical":"https:\/\/josilq.pl\/en\/produkt\/silk-filled-baby-sleeping-bags\/","og_locale":"en_US","og_type":"article","og_title":"Silk filled baby sleeping bags","og_description":"Silk filled baby sleeping bags. Perfect for babies with allergies or asthma. The sleeping bag is filled with 100% natural mulberry silk.","og_url":"https:\/\/josilq.pl\/en\/produkt\/silk-filled-baby-sleeping-bags\/","og_site_name":"Jedwab JOSILQ","article_publisher":"https:\/\/www.facebook.com\/jedwabjosilq\/","article_modified_time":"2025-09-12T20:15:45+00:00","og_image":[{"width":1200,"height":800,"url":"https:\/\/josilq.pl\/wp-content\/uploads\/2016\/01\/wladzio2.jpg","type":"image\/jpeg"}],"twitter_card":"summary_large_image","twitter_misc":{"Availability":"Out of stock"},"schema":{"@context":"https:\/\/schema.org","@graph":[{"@type":"WebPage","@id":"https:\/\/josilq.pl\/en\/produkt\/silk-filled-baby-sleeping-bags\/","url":"https:\/\/josilq.pl\/en\/produkt\/silk-filled-baby-sleeping-bags\/","name":"Silk filled baby sleeping bags | JOSILQ 100% PURE MULBERRY SILK","isPartOf":{"@id":"https:\/\/josilq.pl\/#website"},"primaryImageOfPage":{"@id":"https:\/\/josilq.pl\/en\/produkt\/silk-filled-baby-sleeping-bags\/#primaryimage"},"image":{"@id":"https:\/\/josilq.pl\/en\/produkt\/silk-filled-baby-sleeping-bags\/#primaryimage"},"thumbnailUrl":"https:\/\/josilq.pl\/wp-content\/uploads\/2016\/01\/wladzio2.jpg","datePublished":"2016-01-30T13:38:44+00:00","dateModified":"2025-09-12T20:15:45+00:00","description":"Silk filled baby sleeping bags. Perfect for babies with allergies or asthma. The sleeping bag is filled with 100% natural mulberry silk.","breadcrumb":{"@id":"https:\/\/josilq.pl\/en\/produkt\/silk-filled-baby-sleeping-bags\/#breadcrumb"},"inLanguage":"en-US","potentialAction":[{"@type":"ReadAction","target":["https:\/\/josilq.pl\/en\/produkt\/silk-filled-baby-sleeping-bags\/"]}]},{"@type":"ImageObject","inLanguage":"en-US","@id":"https:\/\/josilq.pl\/en\/produkt\/silk-filled-baby-sleeping-bags\/#primaryimage","url":"https:\/\/josilq.pl\/wp-content\/uploads\/2016\/01\/wladzio2.jpg","contentUrl":"https:\/\/josilq.pl\/wp-content\/uploads\/2016\/01\/wladzio2.jpg","width":1200,"height":800,"caption":"Silk filled baby sleeping bags"},{"@type":"BreadcrumbList","@id":"https:\/\/josilq.pl\/en\/produkt\/silk-filled-baby-sleeping-bags\/#breadcrumb","itemListElement":[{"@type":"ListItem","position":1,"name":"Strona g\u0142\u00f3wna","item":"https:\/\/josilq.pl\/en\/"},{"@type":"ListItem","position":2,"name":"Sklep","item":"https:\/\/josilq.pl\/sklep\/"},{"@type":"ListItem","position":3,"name":"Silk filled baby sleeping bags"}]},{"@type":"WebSite","@id":"https:\/\/josilq.pl\/#website","url":"https:\/\/josilq.pl\/","name":"Luksusowe jedwabie JOSILQ","description":"Josilq - jedwabna po\u015bciel dla doros\u0142ych i dzieci, ko\u0142dry i poduszki wype\u0142nione jedwabiem, jedwabna bielizna nocna i jedwabne akcesoria. 100% naturalny jedwab morwowy.","publisher":{"@id":"https:\/\/josilq.pl\/#organization"},"potentialAction":[{"@type":"SearchAction","target":{"@type":"EntryPoint","urlTemplate":"https:\/\/josilq.pl\/?s={search_term_string}"},"query-input":{"@type":"PropertyValueSpecification","valueRequired":true,"valueName":"search_term_string"}}],"inLanguage":"en-US"},{"@type":"Organization","@id":"https:\/\/josilq.pl\/#organization","name":"JOSILQ","url":"https:\/\/josilq.pl\/","logo":{"@type":"ImageObject","inLanguage":"en-US","@id":"https:\/\/josilq.pl\/#\/schema\/logo\/image\/","url":"https:\/\/josilq.pl\/wp-content\/uploads\/2017\/03\/logo512.jpg","contentUrl":"https:\/\/josilq.pl\/wp-content\/uploads\/2017\/03\/logo512.jpg","width":512,"height":512,"caption":"JOSILQ"},"image":{"@id":"https:\/\/josilq.pl\/#\/schema\/logo\/image\/"},"sameAs":["https:\/\/www.facebook.com\/jedwabjosilq\/","https:\/\/www.instagram.com\/josilq.pl\/"]}]},"og_availability":"out of stock","product_availability":"out of stock","product_condition":"new"},"_links":{"self":[{"href":"https:\/\/josilq.pl\/en\/wp-json\/wp\/v2\/product\/9027","targetHints":{"allow":["GET"]}}],"collection":[{"href":"https:\/\/josilq.pl\/en\/wp-json\/wp\/v2\/product"}],"about":[{"href":"https:\/\/josilq.pl\/en\/wp-json\/wp\/v2\/types\/product"}],"replies":[{"embeddable":true,"href":"https:\/\/josilq.pl\/en\/wp-json\/wp\/v2\/comments?post=9027"}],"version-history":[{"count":0,"href":"https:\/\/josilq.pl\/en\/wp-json\/wp\/v2\/product\/9027\/revisions"}],"wp:featuredmedia":[{"embeddable":true,"href":"https:\/\/josilq.pl\/en\/wp-json\/wp\/v2\/media\/8803"}],"wp:attachment":[{"href":"https:\/\/josilq.pl\/en\/wp-json\/wp\/v2\/media?parent=9027"}],"wp:term":[{"taxonomy":"product_brand","embeddable":true,"href":"https:\/\/josilq.pl\/en\/wp-json\/wp\/v2\/product_brand?post=9027"},{"taxonomy":"product_cat","embeddable":true,"href":"https:\/\/josilq.pl\/en\/wp-json\/wp\/v2\/product_cat?post=9027"},{"taxonomy":"product_tag","embeddable":true,"href":"https:\/\/josilq.pl\/en\/wp-json\/wp\/v2\/product_tag?post=9027"}],"curies":[{"name":"wp","href":"https:\/\/api.w.org\/{rel}","templated":true}]}}